{"id":911,"date":"2020-04-24T21:35:26","date_gmt":"2020-04-24T21:35:26","guid":{"rendered":"http:\/\/wp.sirppi.fi\/?page_id=911"},"modified":"2026-01-27T10:13:41","modified_gmt":"2026-01-27T10:13:41","slug":"lataa","status":"publish","type":"page","link":"https:\/\/www.sirppi.fi\/fi\/lataa\/","title":{"rendered":"Sirpin k\u00e4ytt\u00f6\u00f6notto"},"content":{"rendered":"\t\t<div data-elementor-type=\"wp-post\" data-elementor-id=\"911\" class=\"elementor elementor-911\">\n\t\t\t\t\t\t<section class=\"elementor-section elementor-top-section elementor-element elementor-element-zj6jjty elementor-section-height-min-height title-section elementor-section-boxed elementor-section-height-default elementor-section-items-middle\" data-id=\"zj6jjty\" data-element_type=\"section\" data-settings=\"{&quot;background_background&quot;:&quot;classic&quot;}\">\n\t\t\t\t\t\t\t<div class=\"elementor-background-overlay\"><\/div>\n\t\t\t\t\t\t\t<div class=\"elementor-container elementor-column-gap-default\">\n\t\t\t\t\t<div class=\"elementor-column elementor-col-100 elementor-top-column elementor-element elementor-element-gpqnzgu\" data-id=\"gpqnzgu\" data-element_type=\"column\">\n\t\t\t<div class=\"elementor-widget-wrap elementor-element-populated\">\n\t\t\t\t\t\t<div class=\"elementor-element elementor-element-92fc512 elementor-hidden-phone elementor-widget elementor-widget-spacer\" data-id=\"92fc512\" data-element_type=\"widget\" data-widget_type=\"spacer.default\">\n\t\t\t\t<div class=\"elementor-widget-container\">\n\t\t\t\t\t\t\t<div class=\"elementor-spacer\">\n\t\t\t<div class=\"elementor-spacer-inner\"><\/div>\n\t\t<\/div>\n\t\t\t\t\t\t<\/div>\n\t\t\t\t<\/div>\n\t\t\t\t<div class=\"elementor-element elementor-element-9b8d9d0 elementor-hidden-desktop elementor-hidden-tablet elementor-widget elementor-widget-spacer\" data-id=\"9b8d9d0\" data-element_type=\"widget\" data-widget_type=\"spacer.default\">\n\t\t\t\t<div class=\"elementor-widget-container\">\n\t\t\t\t\t\t\t<div class=\"elementor-spacer\">\n\t\t\t<div class=\"elementor-spacer-inner\"><\/div>\n\t\t<\/div>\n\t\t\t\t\t\t<\/div>\n\t\t\t\t<\/div>\n\t\t\t\t<div class=\"elementor-element elementor-element-7033d13c text-title elementor-view-default elementor-position-top elementor-invisible elementor-widget elementor-widget-themo-header\" data-id=\"7033d13c\" data-element_type=\"widget\" data-settings=\"{&quot;_animation&quot;:&quot;fadeIn&quot;}\" data-widget_type=\"themo-header.default\">\n\t\t\t\t<div class=\"elementor-widget-container\">\n\t\t\t\t\t\t\t<div class=\"th-header-wrap\">\n        <div class=\"elementor-icon-box-wrapper \">\n                            <div class=\"elementor-icon-box-content\">\n                    <h1 class=\"elementor-icon-box-title\">\n                        Sirpin k\u00e4ytt\u00f6\u00f6notto                    <\/h1>\n                                        <p class=\"elementor-icon-box-description\">Viljelytiedot k\u00e4nnyk\u00e4ss\u00e4<\/p>\n\n                                    <\/div>\n            <\/div>\n\n        <\/div>\n\n\t\t\t\t\t\t<\/div>\n\t\t\t\t<\/div>\n\t\t\t\t\t<\/div>\n\t\t<\/div>\n\t\t\t\t\t<\/div>\n\t\t<\/section>\n\t\t\t\t<section class=\"elementor-section elementor-top-section elementor-element elementor-element-3890586 content-section elementor-section-boxed elementor-section-height-default elementor-section-height-default\" data-id=\"3890586\" data-element_type=\"section\" data-settings=\"{&quot;background_background&quot;:&quot;classic&quot;}\">\n\t\t\t\t\t\t<div class=\"elementor-container elementor-column-gap-no\">\n\t\t\t\t\t<div class=\"elementor-column elementor-col-100 elementor-top-column elementor-element elementor-element-212e88e\" data-id=\"212e88e\" data-element_type=\"column\">\n\t\t\t<div class=\"elementor-widget-wrap elementor-element-populated\">\n\t\t\t\t\t\t<section class=\"elementor-section elementor-inner-section elementor-element elementor-element-66ac2b9 elementor-section-boxed elementor-section-height-default elementor-section-height-default\" data-id=\"66ac2b9\" data-element_type=\"section\">\n\t\t\t\t\t\t<div class=\"elementor-container elementor-column-gap-no\">\n\t\t\t\t\t<div class=\"elementor-column elementor-col-100 elementor-inner-column elementor-element elementor-element-9a2cbce\" data-id=\"9a2cbce\" data-element_type=\"column\">\n\t\t\t<div class=\"elementor-widget-wrap elementor-element-populated\">\n\t\t\t\t\t\t<div class=\"elementor-element elementor-element-0a994c9 elementor-widget elementor-widget-themo-call-to-action\" data-id=\"0a994c9\" data-element_type=\"widget\" id=\"app-store-buttons\" data-widget_type=\"themo-call-to-action.default\">\n\t\t\t\t<div class=\"elementor-widget-container\">\n\t\t\t\t\t\t\t<div class=\"th-cta\">\n\t\t\t\t\t        <div class=\"th-cta-text\">\n\t\t            <span>Lataa Sirppi sovelluskaupastasi:<\/span>\n\t\t        <\/div>\n\t\t    \n                        <div class=\"th-cta-btn\">\n\n                                                            <a class=\"btn-1 th-btn btn-image\" href=\"https:\/\/itunes.apple.com\/fi\/app\/sirppi\/id1238678513?mt=8\" target=\"_blank\">\n                            <img decoding=\"async\" width=\"260\" height=\"80\" src=\"https:\/\/www.sirppi.fi\/fi\/wp-content\/uploads\/2018\/02\/app_store_button-260x80.png\" class=\"\" alt=\"\" \/>                        <\/a>\n                                    \n                                                            <a class=\"btn-2 th-btn btn-image\" href=\"https:\/\/play.google.com\/store\/apps\/details?id=fi.sirppi&#038;pcampaignid=MKT-Other-global-all-co-prtnr-py-PartBadge-Mar2515-1\" target=\"_blank\">\n                            <img decoding=\"async\" width=\"260\" height=\"80\" src=\"https:\/\/www.sirppi.fi\/fi\/wp-content\/uploads\/2018\/02\/google_play_button-260x80-260x80.png\" class=\"\" alt=\"\" \/>                        <\/a>\n                                                <\/div>\n            \t\t<\/div>\n\t\t\t\t\t\t<\/div>\n\t\t\t\t<\/div>\n\t\t\t\t<div class=\"elementor-element elementor-element-5abb49b elementor-widget-divider--view-line elementor-widget elementor-widget-divider\" data-id=\"5abb49b\" data-element_type=\"widget\" data-widget_type=\"divider.default\">\n\t\t\t\t<div class=\"elementor-widget-container\">\n\t\t\t\t\t\t\t<div class=\"elementor-divider\">\n\t\t\t<span class=\"elementor-divider-separator\">\n\t\t\t\t\t\t<\/span>\n\t\t<\/div>\n\t\t\t\t\t\t<\/div>\n\t\t\t\t<\/div>\n\t\t\t\t\t<\/div>\n\t\t<\/div>\n\t\t\t\t\t<\/div>\n\t\t<\/section>\n\t\t\t\t<div class=\"elementor-element elementor-element-68b90e5 text-content elementor-widget elementor-widget-text-editor\" data-id=\"68b90e5\" data-element_type=\"widget\" data-widget_type=\"text-editor.default\">\n\t\t\t\t<div class=\"elementor-widget-container\">\n\t\t\t\t\t\t\t\t\t<p><span style=\"color: inherit; font-family: inherit; font-style: inherit; font-weight: inherit; font-size: 1.2rem;\">Voit ladata Sirpin k\u00e4nnykk\u00e4\u00e4si tai tablettiisi\u00a0<\/span><span style=\"color: inherit; font-family: inherit; font-style: inherit; font-weight: bold; font-size: 1.2rem;\"><a href=\"https:\/\/play.google.com\/store\/apps\/details?id=fi.sirppi\" target=\"_blank\" rel=\"noopener\">Play-kaupasta<\/a><\/span><span style=\"color: inherit; font-family: inherit; font-style: inherit; font-weight: inherit; font-size: 1.2rem;\">\u00a0tai\u00a0<\/span><span style=\"color: inherit; font-family: inherit; font-style: inherit; font-weight: bold; font-size: 1.2rem;\"><a href=\"https:\/\/itunes.apple.com\/fi\/app\/sirppi\/id1238678513?mt=8\" target=\"_blank\" rel=\"noopener\">App Storesta<\/a><\/span><span style=\"color: inherit; font-family: inherit; font-style: inherit; font-weight: inherit; font-size: 1.2rem;\">.<\/span><\/p><p><span style=\"color: inherit; font-family: inherit; font-size: 1.2rem; font-style: inherit; font-weight: inherit;\">My\u00f6s l\u00e4mp\u00f6yritt\u00e4jille tarkoitetun Sirppi Energia -sovelluksen saat ilmaiseksi puhelimesi sovelluskaupasta.<\/span><\/p><h2>K\u00e4ytt\u00e4j\u00e4tunnusten luonti<\/h2><p>Sirppi\u00e4 voi k\u00e4ytt\u00e4\u00e4 joko itsen\u00e4isen\u00e4 sovelluksena tai synkronoituna Softsalon Peltotuki-ohjelman kanssa. P\u00e4\u00e4t\u00e4 aluksi, kumman k\u00e4ytt\u00f6tavan haluat. Katso sitten alta sinulle sopivat ohjeet. K\u00e4ytt\u00f6\u00f6notto on helppoa molemmilla tavoilla.<\/p><h3>Jos haluat k\u00e4ytt\u00e4\u00e4 Sirppi\u00e4 itsen\u00e4isen\u00e4 sovelluksena<\/h3><ul><li>Valitse Sirpin aloitusruudulta\u00a0<b>Rekister\u00f6idy<\/b>. Anna s\u00e4hk\u00f6postiosoitteesi ja valitse salasana.<\/li><li>Sirppi kysyy viel\u00e4 tilatunnuksen ja noutaa sen j\u00e4lkeen tilasi lohkot ja kartat hallinnon Vipu-palvelusta. Sen j\u00e4lkeen kaikki on valmista tositoimiin.<\/li><\/ul><p>Huomaa, ett\u00e4 n\u00e4in rekister\u00f6ity Sirppi ei synkronoidu Peltotuki-ohjelman kanssa. Voit k\u00e4ytt\u00e4\u00e4 mit\u00e4 tahansa viljelysuunnitteluohjelmaa tai et mit\u00e4\u00e4n. Voit joka tapauksessa ottaa Sirpin ilmaiseksi k\u00e4ytt\u00f6\u00f6n ja todeta sen hy\u00f6dyt.<\/p><h3>Jos haluat k\u00e4ytt\u00e4\u00e4 Sirppi\u00e4 synkronoituna Peltotuki-ohjelmaan<\/h3><p><b>Jos haluat Sirpin synkronoituvan Peltotuki-ohjelman kanssa, luo Sirpin k\u00e4ytt\u00e4j\u00e4tunnukset Peltotuella.\u00a0<\/b>Tunnusten luonti on ilmaista my\u00f6s Peltotuen kautta tehtyn\u00e4.<\/p><p>T\u00e4ss\u00e4 vaihtoehdossa voit tehd\u00e4 Peltotuki-ohjelmalla viljelysuunnitelman, tukien haun ja kannattavuuslaskennan. Peltotuen tiedot n\u00e4kyv\u00e4t Sirpiss\u00e4. Sirpill\u00e4 voit kuitata viljelytapahtumat tehdyiksi ja muuttaa tai lis\u00e4t\u00e4 niit\u00e4 tarpeen mukaan.<\/p><p>Jos sinulla ei ole Peltotuki-ohjelmaa, voit halutessasi noutaa ilmaisen Peltotuki Micro \u2013ohjelman\u00a0<b><a href=\"http:\/\/www.softsalo.fi\/reilutarjous\" target=\"_blank\" rel=\"noopener\">t\u00e4m\u00e4n linkin kautta<\/a><\/b>. Linkist\u00e4 aukeaa Peltotuki Micron ominaisuuksista kertova sivu. Asennusohjelma latautuu, kun klikkaat tekstin kohtaa\u00a0<u>Asennustiedoston nouto<\/u><\/p>\t\t\t\t\t\t\t\t<\/div>\n\t\t\t\t<\/div>\n\t\t\t\t\t<\/div>\n\t\t<\/div>\n\t\t\t\t\t<\/div>\n\t\t<\/section>\n\t\t\t\t<section class=\"elementor-section elementor-top-section elementor-element elementor-element-31decd1 elementor-section-boxed elementor-section-height-default elementor-section-height-default\" data-id=\"31decd1\" data-element_type=\"section\" data-settings=\"{&quot;background_background&quot;:&quot;gradient&quot;}\">\n\t\t\t\t\t\t<div class=\"elementor-container elementor-column-gap-default\">\n\t\t\t\t\t<div class=\"elementor-column elementor-col-100 elementor-top-column elementor-element elementor-element-d42fcff\" data-id=\"d42fcff\" data-element_type=\"column\">\n\t\t\t<div class=\"elementor-widget-wrap elementor-element-populated\">\n\t\t\t\t\t\t<div class=\"elementor-element elementor-element-a282f68 elementor-widget elementor-widget-spacer\" data-id=\"a282f68\" data-element_type=\"widget\" data-widget_type=\"spacer.default\">\n\t\t\t\t<div class=\"elementor-widget-container\">\n\t\t\t\t\t\t\t<div class=\"elementor-spacer\">\n\t\t\t<div class=\"elementor-spacer-inner\"><\/div>\n\t\t<\/div>\n\t\t\t\t\t\t<\/div>\n\t\t\t\t<\/div>\n\t\t\t\t<div class=\"elementor-element elementor-element-3196188 elementor-widget elementor-widget-themo-call-to-action\" data-id=\"3196188\" data-element_type=\"widget\" data-widget_type=\"themo-call-to-action.default\">\n\t\t\t\t<div class=\"elementor-widget-container\">\n\t\t\t\t\t\t\t<div class=\"th-cta\">\n\t\t\t\t\t        <div class=\"th-cta-text\">\n\t\t            <span>Ihastu itsekin. Lataa Sirppi nyt!<\/span>\n\t\t        <\/div>\n\t\t    \n                        <div class=\"th-cta-btn\">\n\n                                                            <a class=\"btn-1 th-btn btn-image\" href=\"https:\/\/itunes.apple.com\/fi\/app\/sirppi\/id1238678513?mt=8\" target=\"_blank\">\n                            <img decoding=\"async\" width=\"260\" height=\"80\" src=\"https:\/\/www.sirppi.fi\/fi\/wp-content\/uploads\/2018\/02\/app_store_button-260x80.png\" class=\"\" alt=\"\" \/>                        <\/a>\n                                    \n                                                            <a class=\"btn-2 th-btn btn-image\" href=\"https:\/\/play.google.com\/store\/apps\/details?id=fi.sirppi&#038;pcampaignid=MKT-Other-global-all-co-prtnr-py-PartBadge-Mar2515-1\">\n                            <img decoding=\"async\" width=\"260\" height=\"80\" src=\"https:\/\/www.sirppi.fi\/fi\/wp-content\/uploads\/2018\/02\/google_play_button-260x80-260x80.png\" class=\"\" alt=\"\" \/>                        <\/a>\n                                                <\/div>\n            \t\t<\/div>\n\t\t\t\t\t\t<\/div>\n\t\t\t\t<\/div>\n\t\t\t\t<div class=\"elementor-element elementor-element-1de2991 elementor-widget elementor-widget-spacer\" data-id=\"1de2991\" data-element_type=\"widget\" data-widget_type=\"spacer.default\">\n\t\t\t\t<div class=\"elementor-widget-container\">\n\t\t\t\t\t\t\t<div class=\"elementor-spacer\">\n\t\t\t<div class=\"elementor-spacer-inner\"><\/div>\n\t\t<\/div>\n\t\t\t\t\t\t<\/div>\n\t\t\t\t<\/div>\n\t\t\t\t\t<\/div>\n\t\t<\/div>\n\t\t\t\t\t<\/div>\n\t\t<\/section>\n\t\t\t\t<\/div>\n\t\t","protected":false},"excerpt":{"rendered":"<p>Sirpin k\u00e4ytt\u00f6\u00f6notto Viljelytiedot k\u00e4nnyk\u00e4ss\u00e4 Lataa Sirppi sovelluskaupastasi: Voit ladata Sirpin k\u00e4nnykk\u00e4\u00e4si tai tablettiisi\u00a0Play-kaupasta\u00a0tai\u00a0App Storesta. My\u00f6s l\u00e4mp\u00f6yritt\u00e4jille tarkoitetun Sirppi Energia -sovelluksen saat ilmaiseksi puhelimesi sovelluskaupasta. K\u00e4ytt\u00e4j\u00e4tunnusten luonti Sirppi\u00e4 voi k\u00e4ytt\u00e4\u00e4 joko itsen\u00e4isen\u00e4 sovelluksena tai synkronoituna Softsalon Peltotuki-ohjelman kanssa. P\u00e4\u00e4t\u00e4 aluksi, kumman &hellip; <a href=\"https:\/\/www.sirppi.fi\/fi\/lataa\/\">Read More<\/a><\/p>\n","protected":false},"author":1,"featured_media":0,"parent":0,"menu_order":22,"comment_status":"closed","ping_status":"closed","template":"","meta":{"footnotes":""},"class_list":["post-911","page","type-page","status-publish","hentry"],"_links":{"self":[{"href":"https:\/\/www.sirppi.fi\/fi\/wp-json\/wp\/v2\/pages\/911","targetHints":{"allow":["GET"]}}],"collection":[{"href":"https:\/\/www.sirppi.fi\/fi\/wp-json\/wp\/v2\/pages"}],"about":[{"href":"https:\/\/www.sirppi.fi\/fi\/wp-json\/wp\/v2\/types\/page"}],"author":[{"embeddable":true,"href":"https:\/\/www.sirppi.fi\/fi\/wp-json\/wp\/v2\/users\/1"}],"replies":[{"embeddable":true,"href":"https:\/\/www.sirppi.fi\/fi\/wp-json\/wp\/v2\/comments?post=911"}],"version-history":[{"count":22,"href":"https:\/\/www.sirppi.fi\/fi\/wp-json\/wp\/v2\/pages\/911\/revisions"}],"predecessor-version":[{"id":3517,"href":"https:\/\/www.sirppi.fi\/fi\/wp-json\/wp\/v2\/pages\/911\/revisions\/3517"}],"wp:attachment":[{"href":"https:\/\/www.sirppi.fi\/fi\/wp-json\/wp\/v2\/media?parent=911"}],"curies":[{"name":"wp","href":"https:\/\/api.w.org\/{rel}","templated":true}]}}