{"id":908,"date":"2020-04-24T21:33:14","date_gmt":"2020-04-24T21:33:14","guid":{"rendered":"http:\/\/wp.sirppi.fi\/?page_id=908"},"modified":"2020-07-29T14:38:43","modified_gmt":"2020-07-29T14:38:43","slug":"kampanjakoodi","status":"publish","type":"page","link":"https:\/\/www.sirppi.fi\/fi\/kampanjakoodi\/","title":{"rendered":"Kampanjakoodi"},"content":{"rendered":"\t\t<div data-elementor-type=\"wp-post\" data-elementor-id=\"908\" class=\"elementor elementor-908\">\n\t\t\t\t\t\t<section class=\"elementor-section elementor-top-section elementor-element elementor-element-zj6jjty elementor-section-height-min-height title-section elementor-section-boxed elementor-section-height-default elementor-section-items-middle\" data-id=\"zj6jjty\" data-element_type=\"section\" data-settings=\"{&quot;background_background&quot;:&quot;classic&quot;}\">\n\t\t\t\t\t\t\t<div class=\"elementor-background-overlay\"><\/div>\n\t\t\t\t\t\t\t<div class=\"elementor-container elementor-column-gap-default\">\n\t\t\t\t\t<div class=\"elementor-column elementor-col-100 elementor-top-column elementor-element elementor-element-gpqnzgu\" data-id=\"gpqnzgu\" data-element_type=\"column\">\n\t\t\t<div class=\"elementor-widget-wrap elementor-element-populated\">\n\t\t\t\t\t\t<div class=\"elementor-element elementor-element-92fc512 elementor-hidden-phone elementor-widget elementor-widget-spacer\" data-id=\"92fc512\" data-element_type=\"widget\" data-widget_type=\"spacer.default\">\n\t\t\t\t<div class=\"elementor-widget-container\">\n\t\t\t\t\t\t\t<div class=\"elementor-spacer\">\n\t\t\t<div class=\"elementor-spacer-inner\"><\/div>\n\t\t<\/div>\n\t\t\t\t\t\t<\/div>\n\t\t\t\t<\/div>\n\t\t\t\t<div class=\"elementor-element elementor-element-9b8d9d0 elementor-hidden-desktop elementor-hidden-tablet elementor-widget elementor-widget-spacer\" data-id=\"9b8d9d0\" data-element_type=\"widget\" data-widget_type=\"spacer.default\">\n\t\t\t\t<div class=\"elementor-widget-container\">\n\t\t\t\t\t\t\t<div class=\"elementor-spacer\">\n\t\t\t<div class=\"elementor-spacer-inner\"><\/div>\n\t\t<\/div>\n\t\t\t\t\t\t<\/div>\n\t\t\t\t<\/div>\n\t\t\t\t<div class=\"elementor-element elementor-element-7033d13c text-title elementor-view-default elementor-position-top elementor-invisible elementor-widget elementor-widget-themo-header\" data-id=\"7033d13c\" data-element_type=\"widget\" data-settings=\"{&quot;_animation&quot;:&quot;fadeIn&quot;}\" data-widget_type=\"themo-header.default\">\n\t\t\t\t<div class=\"elementor-widget-container\">\n\t\t\t\t\t\t\t<div class=\"th-header-wrap\">\n        <div class=\"elementor-icon-box-wrapper \">\n                            <div class=\"elementor-icon-box-content\">\n                    <h1 class=\"elementor-icon-box-title\">\n                        Suosittelukoodi \/ Kampanjakoodi                    <\/h1>\n                                        <p class=\"elementor-icon-box-description\">Hy\u00f6ty\u00e4 suosittelijalle ja uudelle Sirpin k\u00e4ytt\u00e4j\u00e4lle<\/p>\n\n                                    <\/div>\n            <\/div>\n\n        <\/div>\n\n\t\t\t\t\t\t<\/div>\n\t\t\t\t<\/div>\n\t\t\t\t\t<\/div>\n\t\t<\/div>\n\t\t\t\t\t<\/div>\n\t\t<\/section>\n\t\t\t\t<section class=\"elementor-section elementor-top-section elementor-element elementor-element-3890586 elementor-section-full_width content-section elementor-section-height-default elementor-section-height-default\" data-id=\"3890586\" data-element_type=\"section\" data-settings=\"{&quot;background_background&quot;:&quot;classic&quot;}\">\n\t\t\t\t\t\t<div class=\"elementor-container elementor-column-gap-default\">\n\t\t\t\t\t<div class=\"elementor-column elementor-col-100 elementor-top-column elementor-element elementor-element-212e88e\" data-id=\"212e88e\" data-element_type=\"column\">\n\t\t\t<div class=\"elementor-widget-wrap elementor-element-populated\">\n\t\t\t\t\t\t<div class=\"elementor-element elementor-element-571e321 text-content elementor-widget elementor-widget-text-editor\" data-id=\"571e321\" data-element_type=\"widget\" data-widget_type=\"text-editor.default\">\n\t\t\t\t<div class=\"elementor-widget-container\">\n\t\t\t\t\t\t\t\t\t<p>Sirpin voi ottaa k\u00e4ytt\u00f6\u00f6n ilmaiseksi my\u00f6s ilman koodia. K\u00e4ytt\u00f6 on jokaiselle tilalle ilmaista v\u00e4hint\u00e4\u00e4n vuoden ajan.<\/p><h2>Suosittelukoodilla lis\u00e4\u00e4 ilmaista k\u00e4ytt\u00f6aikaa<\/h2><h3>Jos olet ottamassa Sirppi\u00e4 k\u00e4ytt\u00f6\u00f6n ja olet saanut suosittelukoodin tai kampanjakoodin:<\/h3><ul><li>Kun luot Sirpin k\u00e4ytt\u00e4j\u00e4tunnusta, tallenna saamasi koodi kohtaan Suosittelukoodi\/kampanjakoodi.<\/li><li>Koodilla saat puoli vuotta lis\u00e4\u00e4 ilmaista k\u00e4ytt\u00f6aikaa. Lis\u00e4ksi saat v\u00e4hint\u00e4\u00e4n vuoden ilmaisk\u00e4yt\u00f6n, kuten kaikki Sirppi-k\u00e4ytt\u00e4j\u00e4t.<\/li><li>My\u00f6s suosittelija saa ilmaista k\u00e4ytt\u00f6aikaa, kun k\u00e4yt\u00e4t koodin.<\/li><\/ul><h3>Jos k\u00e4yt\u00e4t jo itse Sirppi\u00e4:<\/h3><ul><li>Jos olet tyytyv\u00e4inen Sirppiin, voit l\u00e4hett\u00e4\u00e4 tutulle viljelij\u00e4lle suosittelukoodin Sirppi-sovelluksen sis\u00e4lt\u00e4.<\/li><li>Saat itsellesi puoli vuotta lis\u00e4\u00e4 ilmaista k\u00e4ytt\u00f6aikaa, kun h\u00e4n ottaa Sirpin k\u00e4ytt\u00f6\u00f6n ja k\u00e4ytt\u00e4\u00e4 h\u00e4nelle l\u00e4hett\u00e4m\u00e4si suosittelukoodin.<\/li><li>My\u00f6s koodin k\u00e4ytt\u00e4j\u00e4 saa puoli vuotta ylim\u00e4\u00e4r\u00e4ist\u00e4 ilmaisk\u00e4ytt\u00f6aikaa. Lis\u00e4ksi h\u00e4n saa kaikille k\u00e4ytt\u00e4jille annettavan v\u00e4hint\u00e4\u00e4n yhden vuoden ilmaisk\u00e4yt\u00f6n. Molemmat siis hy\u00f6tyv\u00e4t.<\/li><li>Voit l\u00e4hett\u00e4\u00e4 Sirpist\u00e4 niin monta suosittelukoodia niin monelle henkil\u00f6lle kuin haluat. Jokaisesta k\u00e4ytetyst\u00e4 koodista saat itsellesi puoli vuotta lis\u00e4\u00e4 ilmaista k\u00e4ytt\u00f6aikaa. Suosittelukoodin voi k\u00e4ytt\u00e4\u00e4 kuka tahansa, joka asentaa Sirpin ja jolla on tilatunnus. Jokainen maatila tai neuvojak\u00e4ytt\u00e4j\u00e4 voi k\u00e4ytt\u00e4\u00e4 yhden suosittelukoodin Sirppi\u00e4 k\u00e4ytt\u00f6\u00f6n ottaessaan.<\/li><\/ul><p>Sirppi\u00e4 kehitet\u00e4\u00e4n suurella syd\u00e4mell\u00e4 omaan ja muiden viljelij\u00f6iden k\u00e4ytt\u00f6\u00f6n. Sovellus on pidetty vuosia kokonaan ilmaisena eik\u00e4 rahaa ole k\u00e4ytetty mainostamiseen. Monet ovat ottaneet Sirpin k\u00e4ytt\u00f6\u00f6n kuultuaan siit\u00e4 sattumalta, ja olleet tyytyv\u00e4isi\u00e4. Monet ovat erikseen kertoneet, ett\u00e4 haluaisivat maksaa hyv\u00e4st\u00e4 sovelluksesta.<\/p><p>Sovellusta suosittelemalla jokainen tyytyv\u00e4inen k\u00e4ytt\u00e4j\u00e4 voi kantaa kortensa kekoon ja saada samalla my\u00f6s itselleen hy\u00f6ty\u00e4. Ja mit\u00e4 enemm\u00e4n Sirpill\u00e4 on k\u00e4ytt\u00e4ji\u00e4, sit\u00e4 enemm\u00e4n sen kehitt\u00e4miseen voidaan panostaa. Kaikki hy\u00f6tyv\u00e4t.<\/p><p>Suosittelukoodeja voivat l\u00e4hett\u00e4\u00e4 kaikki Sirpin k\u00e4ytt\u00e4j\u00e4t, sek\u00e4 p\u00e4\u00e4k\u00e4ytt\u00e4j\u00e4t ett\u00e4 alik\u00e4ytt\u00e4j\u00e4t.\u00a0<span style=\"font-size: 19.2px; color: inherit; font-family: inherit; font-style: inherit; font-weight: inherit;\">Koodi on tilakohtainen. Koodin antama lis\u00e4aika koskee kaikkia tilan k\u00e4ytt\u00e4ji\u00e4.<\/span><\/p><p>Jos suosittelija on Sirpiss\u00e4 monen tilan p\u00e4\u00e4k\u00e4ytt\u00e4j\u00e4n\u00e4, koodin lis\u00e4aika\u00a0<span style=\"color: inherit; font-family: inherit; font-size: 1.2rem; font-style: inherit; font-weight: inherit;\">hyvitet\u00e4\u00e4n sille tilalle, jonka kohdalla h\u00e4n on Sirpiss\u00e4, kun l\u00e4hett\u00e4\u00e4 koodin.<\/span><\/p><p>Ps. Jos sinulla on kehitysehdotuksia, l\u00e4het\u00e4 postia osoitteeseen asiakaspalvelu@sirppi.fi.<\/p>\t\t\t\t\t\t\t\t<\/div>\n\t\t\t\t<\/div>\n\t\t\t\t\t<\/div>\n\t\t<\/div>\n\t\t\t\t\t<\/div>\n\t\t<\/section>\n\t\t\t\t<section class=\"elementor-section elementor-top-section elementor-element elementor-element-31decd1 elementor-section-boxed elementor-section-height-default elementor-section-height-default\" data-id=\"31decd1\" data-element_type=\"section\" data-settings=\"{&quot;background_background&quot;:&quot;gradient&quot;}\">\n\t\t\t\t\t\t<div class=\"elementor-container elementor-column-gap-default\">\n\t\t\t\t\t<div class=\"elementor-column elementor-col-100 elementor-top-column elementor-element elementor-element-d42fcff\" data-id=\"d42fcff\" data-element_type=\"column\">\n\t\t\t<div class=\"elementor-widget-wrap elementor-element-populated\">\n\t\t\t\t\t\t<div class=\"elementor-element elementor-element-a282f68 elementor-widget elementor-widget-spacer\" data-id=\"a282f68\" data-element_type=\"widget\" data-widget_type=\"spacer.default\">\n\t\t\t\t<div class=\"elementor-widget-container\">\n\t\t\t\t\t\t\t<div class=\"elementor-spacer\">\n\t\t\t<div class=\"elementor-spacer-inner\"><\/div>\n\t\t<\/div>\n\t\t\t\t\t\t<\/div>\n\t\t\t\t<\/div>\n\t\t\t\t<div class=\"elementor-element elementor-element-3196188 elementor-widget elementor-widget-themo-call-to-action\" data-id=\"3196188\" data-element_type=\"widget\" data-widget_type=\"themo-call-to-action.default\">\n\t\t\t\t<div class=\"elementor-widget-container\">\n\t\t\t\t\t\t\t<div class=\"th-cta\">\n\t\t\t\t\t        <div class=\"th-cta-text\">\n\t\t            <span>Ihastu itsekin. Lataa Sirppi nyt!<\/span>\n\t\t        <\/div>\n\t\t    \n                        <div class=\"th-cta-btn\">\n\n                                                            <a class=\"btn-1 th-btn btn-image\" href=\"https:\/\/itunes.apple.com\/fi\/app\/sirppi\/id1238678513?mt=8\" target=\"_blank\">\n                            <img decoding=\"async\" width=\"260\" height=\"80\" src=\"https:\/\/www.sirppi.fi\/fi\/wp-content\/uploads\/2018\/02\/app_store_button-260x80.png\" class=\"\" alt=\"\" \/>                        <\/a>\n                                    \n                                                            <a class=\"btn-2 th-btn btn-image\" href=\"https:\/\/play.google.com\/store\/apps\/details?id=fi.sirppi&#038;pcampaignid=MKT-Other-global-all-co-prtnr-py-PartBadge-Mar2515-1\">\n                            <img decoding=\"async\" width=\"260\" height=\"80\" src=\"https:\/\/www.sirppi.fi\/fi\/wp-content\/uploads\/2018\/02\/google_play_button-260x80-260x80.png\" class=\"\" alt=\"\" \/>                        <\/a>\n                                                <\/div>\n            \t\t<\/div>\n\t\t\t\t\t\t<\/div>\n\t\t\t\t<\/div>\n\t\t\t\t<div class=\"elementor-element elementor-element-1de2991 elementor-widget elementor-widget-spacer\" data-id=\"1de2991\" data-element_type=\"widget\" data-widget_type=\"spacer.default\">\n\t\t\t\t<div class=\"elementor-widget-container\">\n\t\t\t\t\t\t\t<div class=\"elementor-spacer\">\n\t\t\t<div class=\"elementor-spacer-inner\"><\/div>\n\t\t<\/div>\n\t\t\t\t\t\t<\/div>\n\t\t\t\t<\/div>\n\t\t\t\t\t<\/div>\n\t\t<\/div>\n\t\t\t\t\t<\/div>\n\t\t<\/section>\n\t\t\t\t<\/div>\n\t\t","protected":false},"excerpt":{"rendered":"<p>Suosittelukoodi \/ Kampanjakoodi Hy\u00f6ty\u00e4 suosittelijalle ja uudelle Sirpin k\u00e4ytt\u00e4j\u00e4lle Sirpin voi ottaa k\u00e4ytt\u00f6\u00f6n ilmaiseksi my\u00f6s ilman koodia. K\u00e4ytt\u00f6 on jokaiselle tilalle ilmaista v\u00e4hint\u00e4\u00e4n vuoden ajan. Suosittelukoodilla lis\u00e4\u00e4 ilmaista k\u00e4ytt\u00f6aikaa Jos olet ottamassa Sirppi\u00e4 k\u00e4ytt\u00f6\u00f6n ja olet saanut suosittelukoodin tai kampanjakoodin: &hellip; <a href=\"https:\/\/www.sirppi.fi\/fi\/kampanjakoodi\/\">Read More<\/a><\/p>\n","protected":false},"author":1,"featured_media":0,"parent":0,"menu_order":22,"comment_status":"closed","ping_status":"closed","template":"","meta":{"footnotes":""},"class_list":["post-908","page","type-page","status-publish","hentry"],"_links":{"self":[{"href":"https:\/\/www.sirppi.fi\/fi\/wp-json\/wp\/v2\/pages\/908","targetHints":{"allow":["GET"]}}],"collection":[{"href":"https:\/\/www.sirppi.fi\/fi\/wp-json\/wp\/v2\/pages"}],"about":[{"href":"https:\/\/www.sirppi.fi\/fi\/wp-json\/wp\/v2\/types\/page"}],"author":[{"embeddable":true,"href":"https:\/\/www.sirppi.fi\/fi\/wp-json\/wp\/v2\/users\/1"}],"replies":[{"embeddable":true,"href":"https:\/\/www.sirppi.fi\/fi\/wp-json\/wp\/v2\/comments?post=908"}],"version-history":[{"count":4,"href":"https:\/\/www.sirppi.fi\/fi\/wp-json\/wp\/v2\/pages\/908\/revisions"}],"predecessor-version":[{"id":1249,"href":"https:\/\/www.sirppi.fi\/fi\/wp-json\/wp\/v2\/pages\/908\/revisions\/1249"}],"wp:attachment":[{"href":"https:\/\/www.sirppi.fi\/fi\/wp-json\/wp\/v2\/media?parent=908"}],"curies":[{"name":"wp","href":"https:\/\/api.w.org\/{rel}","templated":true}]}}