{"id":900,"date":"2020-04-24T21:24:18","date_gmt":"2020-04-24T21:24:18","guid":{"rendered":"http:\/\/wp.sirppi.fi\/?page_id=900"},"modified":"2020-04-29T20:42:57","modified_gmt":"2020-04-29T20:42:57","slug":"peltolohkot","status":"publish","type":"page","link":"https:\/\/www.sirppi.fi\/fi\/peltolohkot\/","title":{"rendered":"Peltolohkot"},"content":{"rendered":"\t\t<div data-elementor-type=\"wp-post\" data-elementor-id=\"900\" class=\"elementor elementor-900\">\n\t\t\t\t\t\t<section class=\"elementor-section elementor-top-section elementor-element elementor-element-zj6jjty elementor-section-height-min-height title-section elementor-section-boxed elementor-section-height-default elementor-section-items-middle\" data-id=\"zj6jjty\" data-element_type=\"section\" data-settings=\"{&quot;background_background&quot;:&quot;classic&quot;}\">\n\t\t\t\t\t\t\t<div class=\"elementor-background-overlay\"><\/div>\n\t\t\t\t\t\t\t<div class=\"elementor-container elementor-column-gap-default\">\n\t\t\t\t\t<div class=\"elementor-column elementor-col-100 elementor-top-column elementor-element elementor-element-gpqnzgu\" data-id=\"gpqnzgu\" data-element_type=\"column\">\n\t\t\t<div class=\"elementor-widget-wrap elementor-element-populated\">\n\t\t\t\t\t\t<div class=\"elementor-element elementor-element-92fc512 elementor-hidden-phone elementor-widget elementor-widget-spacer\" data-id=\"92fc512\" data-element_type=\"widget\" data-widget_type=\"spacer.default\">\n\t\t\t\t<div class=\"elementor-widget-container\">\n\t\t\t\t\t\t\t<div class=\"elementor-spacer\">\n\t\t\t<div class=\"elementor-spacer-inner\"><\/div>\n\t\t<\/div>\n\t\t\t\t\t\t<\/div>\n\t\t\t\t<\/div>\n\t\t\t\t<div class=\"elementor-element elementor-element-9b8d9d0 elementor-hidden-desktop elementor-hidden-tablet elementor-widget elementor-widget-spacer\" data-id=\"9b8d9d0\" data-element_type=\"widget\" data-widget_type=\"spacer.default\">\n\t\t\t\t<div class=\"elementor-widget-container\">\n\t\t\t\t\t\t\t<div class=\"elementor-spacer\">\n\t\t\t<div class=\"elementor-spacer-inner\"><\/div>\n\t\t<\/div>\n\t\t\t\t\t\t<\/div>\n\t\t\t\t<\/div>\n\t\t\t\t<div class=\"elementor-element elementor-element-7033d13c text-title elementor-view-default elementor-position-top elementor-widget elementor-widget-themo-header\" data-id=\"7033d13c\" data-element_type=\"widget\" data-settings=\"{&quot;_animation&quot;:&quot;none&quot;}\" data-widget_type=\"themo-header.default\">\n\t\t\t\t<div class=\"elementor-widget-container\">\n\t\t\t\t\t\t\t<div class=\"th-header-wrap\">\n        <div class=\"elementor-icon-box-wrapper \">\n                            <div class=\"elementor-icon-box-content\">\n                    <h1 class=\"elementor-icon-box-title\">\n                        Peltolohkot                    <\/h1>\n                                        <p class=\"elementor-icon-box-description\">Kasvulohkot kartalla<\/p>\n\n                                    <\/div>\n            <\/div>\n\n        <\/div>\n\n\t\t\t\t\t\t<\/div>\n\t\t\t\t<\/div>\n\t\t\t\t\t<\/div>\n\t\t<\/div>\n\t\t\t\t\t<\/div>\n\t\t<\/section>\n\t\t\t\t<section class=\"elementor-section elementor-top-section elementor-element elementor-element-3890586 elementor-section-full_width content-section elementor-section-height-default elementor-section-height-default\" data-id=\"3890586\" data-element_type=\"section\" data-settings=\"{&quot;background_background&quot;:&quot;classic&quot;}\">\n\t\t\t\t\t\t<div class=\"elementor-container elementor-column-gap-default\">\n\t\t\t\t\t<div class=\"elementor-column elementor-col-100 elementor-top-column elementor-element elementor-element-212e88e\" data-id=\"212e88e\" data-element_type=\"column\">\n\t\t\t<div class=\"elementor-widget-wrap elementor-element-populated\">\n\t\t\t\t\t\t<div class=\"elementor-element elementor-element-b672981 elementor-widget elementor-widget-themo-call-to-action\" data-id=\"b672981\" data-element_type=\"widget\" data-widget_type=\"themo-call-to-action.default\">\n\t\t\t\t<div class=\"elementor-widget-container\">\n\t\t\t\t\t\t\t<div class=\"th-cta\">\n\t\t\t\n                        <div class=\"th-cta-btn\">\n\n                                    <a class=\"btn-1 btn th-btn btn-standard-primary\" href=\"https:\/\/web.sirppi.fi\/?p=peltolohkot\" target=\"_blank\">\n                                                    Katso ja jaa peltolohkosi t\u00e4st\u00e4                                            <\/a>\n                \n                            <\/div>\n            \t\t<\/div>\n\t\t\t\t\t\t<\/div>\n\t\t\t\t<\/div>\n\t\t\t\t<div class=\"elementor-element elementor-element-82f9f35 elementor-hidden-phone elementor-widget elementor-widget-spacer\" data-id=\"82f9f35\" data-element_type=\"widget\" data-widget_type=\"spacer.default\">\n\t\t\t\t<div class=\"elementor-widget-container\">\n\t\t\t\t\t\t\t<div class=\"elementor-spacer\">\n\t\t\t<div class=\"elementor-spacer-inner\"><\/div>\n\t\t<\/div>\n\t\t\t\t\t\t<\/div>\n\t\t\t\t<\/div>\n\t\t\t\t<div class=\"elementor-element elementor-element-571e321 text-content elementor-widget elementor-widget-text-editor\" data-id=\"571e321\" data-element_type=\"widget\" data-widget_type=\"text-editor.default\">\n\t\t\t\t<div class=\"elementor-widget-container\">\n\t\t\t\t\t\t\t\t\t<div class=\"phone-mockup phone-mockup-right\"><div class=\"screen\"><p><img decoding=\"async\" src=\"https:\/\/www.sirppi.fi\/images\/content\/peltolohkot-1.png\" \/><\/p><div class=\"screen-shadow\">\u00a0<\/div><\/div><\/div><p>Sirpin selainversio sis\u00e4lt\u00e4\u00e4 eritt\u00e4in yksinkertaisen peltolohkojen haku- ja jako-ominaisuuden. Tarvitset vain:<\/p><ol><li>Tilatunnuksesi<\/li><li>Pankkitunnukset<\/li><li>S\u00e4hk\u00f6postiosoitteen ja haluamasi salasanan linkin hallinnoimista varten<\/li><\/ol><p>Sy\u00f6t\u00e4 n\u00e4m\u00e4, niin\u00a0<b>l\u00e4het\u00e4mme s\u00e4hk\u00f6postiisi linkin, josta n\u00e4et t\u00e4m\u00e4n ja kahden edellisen vuoden kasvulohkosi viljelykasveineen<\/b>. Voit my\u00f6s jakaa linkin eteenp\u00e4in niille, jotka haluavat n\u00e4hd\u00e4 kasvulohkosi.<\/p><p>Jos haluat saada toisen tilan tietoja, pyyd\u00e4 heit\u00e4 t\u00e4ytt\u00e4m\u00e4\u00e4n em. tiedot ja v\u00e4litt\u00e4m\u00e4\u00e4n sitten lohkolinkki sinulle.<\/p><h2>Sirpin peltolohkot on t\u00e4ysin tietosuoja-yhteensopiva palvelu<\/h2><div class=\"phone-mockup phone-mockup-right\"><div class=\"screen\"><p><img decoding=\"async\" src=\"https:\/\/www.sirppi.fi\/images\/content\/peltolohkot-2.jpg\" \/><\/p><div class=\"screen-shadow\">\u00a0<\/div><\/div><div class=\"power-button\">\u00a0<\/div><div class=\"volume-button\">\u00a0<\/div><\/div><p>Koska jokainen viljelij\u00e4 hakee omat tietonsa hallinnolta pankkitunnuksilla ja sitten jakaa ne halutessaan eteenp\u00e4in, lohkotietojen k\u00e4sittely t\u00e4ytt\u00e4\u00e4 EU:n tietosuojaehdot.<\/p><p>Esimerkki palvelusta ohessa.<\/p><p>Saat k\u00e4ytt\u00f6\u00f6si maanmittauslaitoksen karttapohjat, joissa on valittavissa mm. maastokartta ja ilmakuva. Jos haluat, voit laittaa p\u00e4\u00e4lle my\u00f6s tilarajojen n\u00e4ytt\u00e4misen.<\/p><p>Oletuksena kartalla n\u00e4ytet\u00e4\u00e4n viimeisimm\u00e4t tiedot, mutta voit katsoa my\u00f6s kahden edellisen vuoden tietoja halutessasi.<\/p><p>Palvelu on ilmainen, linkin katsominen onnistuu selaimella eik\u00e4 vaadi kirjautumista.<\/p>\t\t\t\t\t\t\t\t<\/div>\n\t\t\t\t<\/div>\n\t\t\t\t\t<\/div>\n\t\t<\/div>\n\t\t\t\t\t<\/div>\n\t\t<\/section>\n\t\t\t\t<section class=\"elementor-section elementor-top-section elementor-element elementor-element-31decd1 elementor-section-boxed elementor-section-height-default elementor-section-height-default\" data-id=\"31decd1\" data-element_type=\"section\" data-settings=\"{&quot;background_background&quot;:&quot;gradient&quot;}\">\n\t\t\t\t\t\t<div class=\"elementor-container elementor-column-gap-default\">\n\t\t\t\t\t<div class=\"elementor-column elementor-col-100 elementor-top-column elementor-element elementor-element-d42fcff\" data-id=\"d42fcff\" data-element_type=\"column\">\n\t\t\t<div class=\"elementor-widget-wrap elementor-element-populated\">\n\t\t\t\t\t\t<div class=\"elementor-element elementor-element-a282f68 elementor-widget elementor-widget-spacer\" data-id=\"a282f68\" data-element_type=\"widget\" data-widget_type=\"spacer.default\">\n\t\t\t\t<div class=\"elementor-widget-container\">\n\t\t\t\t\t\t\t<div class=\"elementor-spacer\">\n\t\t\t<div class=\"elementor-spacer-inner\"><\/div>\n\t\t<\/div>\n\t\t\t\t\t\t<\/div>\n\t\t\t\t<\/div>\n\t\t\t\t<div class=\"elementor-element elementor-element-3196188 elementor-widget elementor-widget-themo-call-to-action\" data-id=\"3196188\" data-element_type=\"widget\" data-widget_type=\"themo-call-to-action.default\">\n\t\t\t\t<div class=\"elementor-widget-container\">\n\t\t\t\t\t\t\t<div class=\"th-cta\">\n\t\t\t\t\t        <div class=\"th-cta-text\">\n\t\t            <span>Ihastu itsekin. Lataa Sirppi nyt!<\/span>\n\t\t        <\/div>\n\t\t    \n                        <div class=\"th-cta-btn\">\n\n                                                            <a class=\"btn-1 th-btn btn-image\" href=\"https:\/\/itunes.apple.com\/fi\/app\/sirppi\/id1238678513?mt=8\" target=\"_blank\">\n                            <img decoding=\"async\" width=\"260\" height=\"80\" src=\"https:\/\/www.sirppi.fi\/fi\/wp-content\/uploads\/2018\/02\/app_store_button-260x80.png\" class=\"\" alt=\"\" \/>                        <\/a>\n                                    \n                                                            <a class=\"btn-2 th-btn btn-image\" href=\"https:\/\/play.google.com\/store\/apps\/details?id=fi.sirppi&#038;pcampaignid=MKT-Other-global-all-co-prtnr-py-PartBadge-Mar2515-1\">\n                            <img decoding=\"async\" width=\"260\" height=\"80\" src=\"https:\/\/www.sirppi.fi\/fi\/wp-content\/uploads\/2018\/02\/google_play_button-260x80-260x80.png\" class=\"\" alt=\"\" \/>                        <\/a>\n                                                <\/div>\n            \t\t<\/div>\n\t\t\t\t\t\t<\/div>\n\t\t\t\t<\/div>\n\t\t\t\t<div class=\"elementor-element elementor-element-1de2991 elementor-widget elementor-widget-spacer\" data-id=\"1de2991\" data-element_type=\"widget\" data-widget_type=\"spacer.default\">\n\t\t\t\t<div class=\"elementor-widget-container\">\n\t\t\t\t\t\t\t<div class=\"elementor-spacer\">\n\t\t\t<div class=\"elementor-spacer-inner\"><\/div>\n\t\t<\/div>\n\t\t\t\t\t\t<\/div>\n\t\t\t\t<\/div>\n\t\t\t\t\t<\/div>\n\t\t<\/div>\n\t\t\t\t\t<\/div>\n\t\t<\/section>\n\t\t\t\t<\/div>\n\t\t","protected":false},"excerpt":{"rendered":"<p>Peltolohkot Kasvulohkot kartalla Katso ja jaa peltolohkosi t\u00e4st\u00e4 \u00a0 Sirpin selainversio sis\u00e4lt\u00e4\u00e4 eritt\u00e4in yksinkertaisen peltolohkojen haku- ja jako-ominaisuuden. Tarvitset vain: Tilatunnuksesi Pankkitunnukset S\u00e4hk\u00f6postiosoitteen ja haluamasi salasanan linkin hallinnoimista varten Sy\u00f6t\u00e4 n\u00e4m\u00e4, niin\u00a0l\u00e4het\u00e4mme s\u00e4hk\u00f6postiisi linkin, josta n\u00e4et t\u00e4m\u00e4n ja kahden edellisen &hellip; <a href=\"https:\/\/www.sirppi.fi\/fi\/peltolohkot\/\">Read More<\/a><\/p>\n","protected":false},"author":1,"featured_media":0,"parent":0,"menu_order":22,"comment_status":"closed","ping_status":"closed","template":"","meta":{"footnotes":""},"class_list":["post-900","page","type-page","status-publish","hentry"],"_links":{"self":[{"href":"https:\/\/www.sirppi.fi\/fi\/wp-json\/wp\/v2\/pages\/900","targetHints":{"allow":["GET"]}}],"collection":[{"href":"https:\/\/www.sirppi.fi\/fi\/wp-json\/wp\/v2\/pages"}],"about":[{"href":"https:\/\/www.sirppi.fi\/fi\/wp-json\/wp\/v2\/types\/page"}],"author":[{"embeddable":true,"href":"https:\/\/www.sirppi.fi\/fi\/wp-json\/wp\/v2\/users\/1"}],"replies":[{"embeddable":true,"href":"https:\/\/www.sirppi.fi\/fi\/wp-json\/wp\/v2\/comments?post=900"}],"version-history":[{"count":9,"href":"https:\/\/www.sirppi.fi\/fi\/wp-json\/wp\/v2\/pages\/900\/revisions"}],"predecessor-version":[{"id":1171,"href":"https:\/\/www.sirppi.fi\/fi\/wp-json\/wp\/v2\/pages\/900\/revisions\/1171"}],"wp:attachment":[{"href":"https:\/\/www.sirppi.fi\/fi\/wp-json\/wp\/v2\/media?parent=900"}],"curies":[{"name":"wp","href":"https:\/\/api.w.org\/{rel}","templated":true}]}}