{"id":897,"date":"2020-04-24T21:22:58","date_gmt":"2020-04-24T21:22:58","guid":{"rendered":"http:\/\/wp.sirppi.fi\/?page_id=897"},"modified":"2025-01-06T10:29:40","modified_gmt":"2025-01-06T10:29:40","slug":"ilmainen-viljelysuunnitelma-kannykkaan","status":"publish","type":"page","link":"https:\/\/www.sirppi.fi\/fi\/ilmainen-viljelysuunnitelma-kannykkaan\/","title":{"rendered":"Ilmainen viljelysuunnitelma k\u00e4nnykk\u00e4\u00e4n"},"content":{"rendered":"\t\t<div data-elementor-type=\"wp-post\" data-elementor-id=\"897\" class=\"elementor elementor-897\">\n\t\t\t\t\t\t<section class=\"elementor-section elementor-top-section elementor-element elementor-element-zj6jjty elementor-section-height-min-height title-section elementor-section-boxed elementor-section-height-default elementor-section-items-middle\" data-id=\"zj6jjty\" data-element_type=\"section\" data-settings=\"{&quot;background_background&quot;:&quot;classic&quot;}\">\n\t\t\t\t\t\t\t<div class=\"elementor-background-overlay\"><\/div>\n\t\t\t\t\t\t\t<div class=\"elementor-container elementor-column-gap-default\">\n\t\t\t\t\t<div class=\"elementor-column elementor-col-100 elementor-top-column elementor-element elementor-element-gpqnzgu\" data-id=\"gpqnzgu\" data-element_type=\"column\">\n\t\t\t<div class=\"elementor-widget-wrap elementor-element-populated\">\n\t\t\t\t\t\t<div class=\"elementor-element elementor-element-92fc512 elementor-hidden-phone elementor-widget elementor-widget-spacer\" data-id=\"92fc512\" data-element_type=\"widget\" data-widget_type=\"spacer.default\">\n\t\t\t\t<div class=\"elementor-widget-container\">\n\t\t\t\t\t\t\t<div class=\"elementor-spacer\">\n\t\t\t<div class=\"elementor-spacer-inner\"><\/div>\n\t\t<\/div>\n\t\t\t\t\t\t<\/div>\n\t\t\t\t<\/div>\n\t\t\t\t<div class=\"elementor-element elementor-element-9b8d9d0 elementor-hidden-desktop elementor-hidden-tablet elementor-widget elementor-widget-spacer\" data-id=\"9b8d9d0\" data-element_type=\"widget\" data-widget_type=\"spacer.default\">\n\t\t\t\t<div class=\"elementor-widget-container\">\n\t\t\t\t\t\t\t<div class=\"elementor-spacer\">\n\t\t\t<div class=\"elementor-spacer-inner\"><\/div>\n\t\t<\/div>\n\t\t\t\t\t\t<\/div>\n\t\t\t\t<\/div>\n\t\t\t\t<div class=\"elementor-element elementor-element-7033d13c text-title elementor-view-default elementor-position-top elementor-widget elementor-widget-themo-header\" data-id=\"7033d13c\" data-element_type=\"widget\" data-settings=\"{&quot;_animation&quot;:&quot;none&quot;}\" data-widget_type=\"themo-header.default\">\n\t\t\t\t<div class=\"elementor-widget-container\">\n\t\t\t\t\t\t\t<div class=\"th-header-wrap\">\n        <div class=\"elementor-icon-box-wrapper \">\n                            <div class=\"elementor-icon-box-content\">\n                    <h1 class=\"elementor-icon-box-title\">\n                        Ilmainen viljely\u00adsuunnitelma k\u00e4nnykk\u00e4\u00e4n                    <\/h1>\n                                        <p class=\"elementor-icon-box-description\">Viljelytiedot k\u00e4nnyk\u00e4ss\u00e4 ja tietokoneella<\/p>\n\n                                    <\/div>\n            <\/div>\n\n        <\/div>\n\n\t\t\t\t\t\t<\/div>\n\t\t\t\t<\/div>\n\t\t\t\t\t<\/div>\n\t\t<\/div>\n\t\t\t\t\t<\/div>\n\t\t<\/section>\n\t\t\t\t<section class=\"elementor-section elementor-top-section elementor-element elementor-element-3890586 elementor-section-full_width content-section elementor-section-height-default elementor-section-height-default\" data-id=\"3890586\" data-element_type=\"section\" data-settings=\"{&quot;background_background&quot;:&quot;classic&quot;}\">\n\t\t\t\t\t\t<div class=\"elementor-container elementor-column-gap-default\">\n\t\t\t\t\t<div class=\"elementor-column elementor-col-100 elementor-top-column elementor-element elementor-element-212e88e\" data-id=\"212e88e\" data-element_type=\"column\">\n\t\t\t<div class=\"elementor-widget-wrap elementor-element-populated\">\n\t\t\t\t\t\t<div class=\"elementor-element elementor-element-571e321 text-content elementor-widget elementor-widget-text-editor\" data-id=\"571e321\" data-element_type=\"widget\" data-widget_type=\"text-editor.default\">\n\t\t\t\t<div class=\"elementor-widget-container\">\n\t\t\t\t\t\t\t\t\t<p>Oletko tietoinen, ett\u00e4 nykyaikainen viljelysuunnitelma ja lohkokirjanpito toimii k\u00e4nnyk\u00e4ss\u00e4? Kaikki viljelysuunnitelman tiedot voivat olla aina mukana omassa taskussa.<\/p><p>Jos ep\u00e4ilet, ett\u00e4 pienell\u00e4 n\u00e4yt\u00f6ll\u00e4 on hankalaa k\u00e4sitell\u00e4 monimutkaisia asioita, niin kokeile itse Sirpin mobiilia viljelysuunnitelmaa. Voit ladata Sirpin ilmaiseksi Googlen Play-kaupasta tai Applen sovelluskaupasta. Todenn\u00e4k\u00f6isesti yll\u00e4tyt, kuinka helppoa viljelysuunnitelman ja lohkokirjanpidon k\u00e4sittely on ja miten paljon toimiva mobiili viljelysuunnitelma s\u00e4\u00e4st\u00e4\u00e4 aikaasi ja hermojasi. Sirppi\u00e4 k\u00e4ytt\u00e4neist\u00e4 viljelij\u00f6ist\u00e4 valtaosa arvioi sovelluksen helpottaneen merkitt\u00e4v\u00e4sti paitsi viljelysuunnittelua ja lohkokirjanpitoa, my\u00f6s k\u00e4yt\u00e4nn\u00f6n viljelyt\u00f6it\u00e4.<\/p><h2>Miksi Sirppi on ylivoimainen viljelysuunnitelman k\u00e4sittelyss\u00e4?<\/h2><p>Sirpill\u00e4 on monta etua, joita ei ole perinteisill\u00e4 ATK-ohjelmilla tai pelk\u00e4st\u00e4\u00e4n selaimella k\u00e4ytett\u00e4vill\u00e4 viljelysuunnittelusovelluksilla. Edut havaitsee itse kokeilemalla:<\/p><ul><li>Sama sovellus toimii sek\u00e4 tietokoneella ett\u00e4 k\u00e4nnyk\u00e4ss\u00e4. Voit tehd\u00e4 suunnittelua ty\u00f6huoneen tietokoneella ja n\u00e4et kaikki samat tiedot v\u00e4litt\u00f6m\u00e4sti my\u00f6s k\u00e4nnyk\u00e4ss\u00e4.<\/li><li>Kaikki viljelysuunnittelun ja lohkokirjanpidon tiedot ovat aina taskussa.<\/li><li>Aito mobiilisovellus, joka on suunniteltu pienelle n\u00e4yt\u00f6lle. N\u00e4yt\u00f6ss\u00e4 ovat vain ne asiat, joilla on merkityst\u00e4. N\u00e4in k\u00e4nnyk\u00e4n n\u00e4ytt\u00f6 riitt\u00e4\u00e4 loistavasti.<\/li><li>K\u00e4nnyk\u00e4n paikkatieto. Sirppi n\u00e4ytt\u00e4\u00e4 viljelysuunnitelmasta juuri sen lohkon tiedot, jolla itse olet. Sinun ei tarvitse selata lohkoja ja tapahtumia l\u00f6yt\u00e4\u00e4ksesi oikeat tiedot. Ne ovat jo ruudulla.<\/li><li>Vipu-tukihaun tiedot n\u00e4kyv\u00e4t k\u00e4nnyk\u00e4ss\u00e4 lohkokortteina ja karttoina. Kaikki tiedot ovat koko ajan mukana.<\/li><li>Nopean k\u00e4ynnistymisen ansiosta viljelysuunnitelmaa voi vilkaista hetkess\u00e4 miss\u00e4 vain.<\/li><li>Lohkokirjanpidon havainnot voivat olla vaikka k\u00e4nnykk\u00e4kuvia. Havainto menee lohkokirjanpitoon suoraan oikealle lohkolle k\u00e4nnyk\u00e4n paikkatiedon ansiosta. Kuvat n\u00e4kyv\u00e4t pienin\u00e4 my\u00f6s lohkokirjanpitotulosteessa ja kuvaa klikkaamalla sen n\u00e4kee suurena my\u00f6s suoraan pdf-tulosteelta.<\/li><li>Helppo ty\u00f6teht\u00e4v\u00e4n kuittaus. Yhdell\u00e4 klikkauksella viljelysuunnitelman ty\u00f6teht\u00e4v\u00e4st\u00e4 tulee lohkokirjanpidon tapahtuma, jolla on oikea p\u00e4iv\u00e4ys.<\/li><li>Tapahtumien suodatus: Jos olet kylv\u00e4m\u00e4ss\u00e4, n\u00e4et kylv\u00f6tiedot. Jos olet ruiskuttamassa, n\u00e4et sen ruiskutuskerran aineet. Ilman oikean lohkon tai tapahtumien etsimist\u00e4.<\/li><li>Tarkastajalle voi n\u00e4ytt\u00e4\u00e4 lohkokirjanpidon tietoja heti pellolla omasta k\u00e4nnyk\u00e4st\u00e4. Moni kysymys selvi\u00e4\u00e4 v\u00e4litt\u00f6m\u00e4sti ilman suurempaa selvitt\u00e4mist\u00e4. T\u00e4st\u00e4 pit\u00e4v\u00e4t my\u00f6s tarkastajat.<\/li><li>Karttamerkint\u00f6jen teko: Kun klikkaat k\u00e4nnykk\u00e4\u00e4n esim. hukkakauran l\u00f6yt\u00f6paikan, voit suunnistaa k\u00e4nnyk\u00e4n avulla my\u00f6hemmin takaisin samaan paikkaan.<\/li><li>Karttamerkint\u00f6jen jako esim. WhatsApp-viestin\u00e4, tarvittaessa kuvan kanssa.<\/li><li>Haluttujen lohkojen karttajako urakoitsijalle suoraan WhatsApp-viestin\u00e4. Urakoitsijan ei tarvitse asentaa mit\u00e4\u00e4n tai kirjautua mihink\u00e4\u00e4n, WhatsApp-linkki riitt\u00e4\u00e4.<\/li><li>Kasvukauden l\u00e4mp\u00f6tilat, sadem\u00e4\u00e4r\u00e4t ja lohkokohtaiset puintiaikaennusteet omassa k\u00e4nnyk\u00e4ss\u00e4. Ilman mink\u00e4\u00e4n lis\u00e4tiedon tallentamista.<\/li><li>Luomutilalle ja tavanomaiselle tilalle sopiva varastokirjanpito, rehukirjanpito ja kuivurikirjanpito. Omassa k\u00e4nnyk\u00e4ss\u00e4 ja aina ajan tasalla. Kuvat vakuustodistuksista ja viljapasseista n\u00e4kyv\u00e4t suoraan varastotulosteessa.<\/li><li>Sama viljelysuunnittelu, lohkokirjanpito, varastokirjanpito ja karttamerkinn\u00e4t n\u00e4kyv\u00e4t kaikissa laitteissa, joille annat luvan: Android-k\u00e4nnyk\u00e4ss\u00e4, Applen laitteissa, tabletissa, tietokoneessa\u2026 Sin\u00e4 m\u00e4\u00e4rittelet, ketk\u00e4 n\u00e4kev\u00e4t tiedot.<\/li><\/ul><h2>Esimerkki mobiilin viljelysuunnitelman k\u00e4yt\u00f6st\u00e4 kev\u00e4tkylv\u00f6jen apuna<\/h2><h3>Muokkaaja, jolla on k\u00e4nnyk\u00e4ss\u00e4 Sirpin viljelysuunnitelma ja lohkokirjanpito:<\/h3><ul><li>Kylv\u00f6t\u00f6iden aluksi suodatus: n\u00e4kyviin kev\u00e4tmuokkaukset.<\/li><li>Aamuisin haluttaessa lis\u00e4suodatus: t\u00e4n\u00e4\u00e4n k\u00e4sitell\u00e4\u00e4n kev\u00e4tvehn\u00e4lohkot tms.<\/li><li>Kun lohko on muokattu: Sirpin aukaisu ja muokkaustapahtumalle Suoritettu-klikkaus. Samalla syntyy lohkokirjanpito. Oikea tapahtuma on valmiina ruudulla mobiilin viljelysuunnitelman ja k\u00e4nnyk\u00e4n paikannuksen ansiosta.<\/li><li>Haluttaessa Sirppiin lis\u00e4tietoja ja valokuva pellolta tai koneen s\u00e4\u00e4d\u00f6ist\u00e4.<\/li><li>Jos pellolta l\u00f6ytyi uusi maakivi tms., karttamerkint\u00e4 Sirppiin kylv\u00e4j\u00e4\u00e4 ja ensi vuotta varten.<\/li><\/ul><h3>Kylv\u00e4j\u00e4, jolla on k\u00e4nnyk\u00e4ss\u00e4 Sirpin viljelysuunnitelma ja lohkokirjanpito:<\/h3><ul><li>Kylv\u00f6t\u00f6iden aluksi suodatus: n\u00e4kyviin Siemen, Lannoitus ja Kylv\u00f6 -tapahtumat.<\/li><li>P\u00e4iv\u00e4n aluksi haluttaessa lis\u00e4suodatus: t\u00e4n\u00e4\u00e4n k\u00e4sitell\u00e4\u00e4n kev\u00e4tvehn\u00e4lohkot tms.<\/li><li>Kun lohko on kylvetty: Sirpin aukaisu ja Siemen, Lannoitus ja Kylv\u00f6-tapahtumille Suoritettu-klikkaus. Oikeat tapahtumat ovat valmiina ruudulla mobiilin viljelysuunnitelman ja k\u00e4nnyk\u00e4n paikannuksen ansiosta. Lohkokirjanpito syntyi Tehty-klikkauksilla.<\/li><li>Haluttaessa toteutuneen lannoitem\u00e4\u00e4r\u00e4n tai siemenm\u00e4\u00e4r\u00e4n muutos Sirppiin. Ehk\u00e4 valokuva kylv\u00f6j\u00e4ljest\u00e4 tai koneen s\u00e4\u00e4d\u00f6ist\u00e4.<\/li><\/ul><h3>Is\u00e4nt\u00e4, jonka tilalla k\u00e4ytet\u00e4\u00e4n Sirpin viljelysuunnitelmaa ja lohkokirjanpitoa:<\/h3><ul><li>Kun kylv\u00f6t on tehty, kev\u00e4\u00e4n lohkokirjanpito on valmis.<\/li><li>Ei kalenterimerkint\u00f6j\u00e4, ei papereiden etsimist\u00e4, ei lis\u00e4t\u00f6it\u00e4.<\/li><\/ul><h2>Mobiilin viljelysuunnitelman k\u00e4ytt\u00f6\u00f6notto:<\/h2><ol><li>Lataa Sirpin ilmainen viljelysuunnittelu- ja lohkokirjanpitosovellus puhelimesi sovelluskaupasta.<\/li><li>Luo Sirpin tunnukset ja ota se k\u00e4ytt\u00f6\u00f6n: Sirppi noutaa lohkotiedot ja peltokartat hallinnon Vipu-palvelusta.<\/li><li>Jos haluat tehd\u00e4 viljelysuunnitelman tietokoneella, mene sivulle <a href=\"https:\/\/www.sirppi.fi\/fi\" target=\"_blank\" rel=\"noopener\">www.sirppi.fi<\/a> ja klikkaa alkuruudun nappia <i>K\u00e4yt\u00e4 tietokoneella<\/i>. <a href=\"https:\/\/www.sirppi.fi\/fi\/ohje#viljelysuunnittelu\" target=\"_blank\" rel=\"noopener\">Sirpin viljelysuunnittelu<\/a> on suunniteltu hy\u00f6dynt\u00e4m\u00e4\u00e4n tietokoneen koko n\u00e4ytt\u00f6 ja suunnitelman teko voi olla helpompaa tietokoneella. Voit muokata suunnitelmaa milloin tahansa my\u00f6s k\u00e4nnyk\u00e4ll\u00e4.\u00a0<\/li><li>Valitse Sirpin sivuvalikosta <i>Viljelysuunnittelu<\/i>, niin p\u00e4\u00e4set tekem\u00e4\u00e4n viljelysuunnitelman. Sirppi noutaa maan\u00e4ytteiden tiedot suoraan laboratoriosta.<\/li><li>Voit k\u00e4ytt\u00e4\u00e4 kaikkia Sirpin tietoja sek\u00e4 tietokoneella ett\u00e4 k\u00e4nnyk\u00e4ll\u00e4. Samat tiedot n\u00e4kyv\u00e4t koko ajan molemmissa.<\/li><\/ol><h2>Onko Sirppi oikeasti ilmainen?<\/h2><p>Kyll\u00e4. Saat Sirpin ilmaiseksi Android-puhelimiin Googlen Play-kaupasta ja Applen laitteisiin Applen App Storesta. Tietokoneella voit k\u00e4ytt\u00e4\u00e4 Sirppi\u00e4 menem\u00e4ll\u00e4 osoitteeseen <a href=\"https:\/\/www.sirppi.fi\/fi\" target=\"_blank\" rel=\"noopener\">www.sirppi.fi<\/a> ja valitsemalla alkuruudulta toiminnon <i>K\u00e4yt\u00e4 tietokoneella.<\/i> Kaikki k\u00e4ytt\u00f6tavat ovat automaattisesti k\u00e4yt\u00f6ss\u00e4si.<\/p><p>Jokainen maatila voi k\u00e4ytt\u00e4\u00e4 Sirppi\u00e4 v\u00e4hint\u00e4\u00e4n vuoden t\u00e4ysin ilmaiseksi.\u00a0 Jatkok\u00e4yt\u00f6st\u00e4 perit\u00e4\u00e4n pieni vuosimaksu , joka k\u00e4ytet\u00e4\u00e4n palvelinmaksuihin ja tuotekehitykseen. Tarkemmat maksuperusteet l\u00f6ytyv\u00e4t mm. Sirpin p\u00e4\u00e4sivulta. Mit\u00e4\u00e4n lis\u00e4maksuja ei tule riippumatta k\u00e4ytt\u00e4jien m\u00e4\u00e4r\u00e4st\u00e4 tai laitteiden m\u00e4\u00e4r\u00e4st\u00e4. Mist\u00e4\u00e4n lis\u00e4ominaisuuksista ei laskuteta lis\u00e4hintaa.<\/p><p>Jos pid\u00e4t Sirppi\u00e4 hyv\u00e4n\u00e4 sovelluksena, voit suositella sit\u00e4 muille. Jos uusi tila ottaa Sirpin k\u00e4ytt\u00f6\u00f6n, saatte molemmat puoli vuotta lis\u00e4\u00e4 ilmaista k\u00e4ytt\u00f6aikaa. Voit l\u00e4hett\u00e4\u00e4 Sirpist\u00e4 suositteluja niin paljon kuin haluat.<\/p><p>Sirpin k\u00e4ytt\u00f6\u00f6notossa ei tehd\u00e4 mit\u00e4\u00e4n &#8221;tilaussopimusta&#8221;, joka sitoisi sinua tai josta syntyisi kuluja. Kun olet k\u00e4ytt\u00e4nyt ilmaisvuoden, voit itse p\u00e4\u00e4tt\u00e4\u00e4, onko sovellus sinusta pienen vuosimaksun arvoinen. Jos on, voit tehd\u00e4 Sirpin sis\u00e4lt\u00e4 tavallisen verkkokauppaoston, joka jatkaa k\u00e4ytt\u00f6aikaa vuodella.<\/p><p>Sirpin takana ovat k\u00e4yt\u00e4nn\u00f6n viljelij\u00e4t. Moni sanoo, ett\u00e4 sen huomaa.<\/p><p>Viljelysuunnittelu ja lohkokirjanpito ovat tulleet nykyaikaan.\u00a0<\/p><p><a href=\"https:\/\/www.sirppi.fi\/ohje\">Tarkempia aloitusohjeita l\u00f6ytyy Sirpin ohjeesta.<\/a><\/p><h3>Lohkokirjanpitoon ja viljelysuunnitteluun liittyvi\u00e4 artikkeleita:<\/h3><p><a href=\"https:\/\/www.sirppi.fi\/peltokartta-k%C3%A4nnykk%C3%A4%C3%A4n\">Peltokartta k\u00e4nnykk\u00e4\u00e4n, karttamerkint\u00f6jen teko k\u00e4nnyk\u00e4ll\u00e4<\/a><\/p><p><a href=\"https:\/\/www.sirppi.fi\/mobiili-lohkokirjanpito-k%C3%A4nnyk%C3%A4ll%C3%A4\">Mobiili lohkokirjanpito k\u00e4nnyk\u00e4ll\u00e4<\/a><\/p><p><a href=\"https:\/\/www.sirppi.fi\/luomutilan-varastokirjanpito\">Luomutilan varastokirjanpito<\/a><\/p>\t\t\t\t\t\t\t\t<\/div>\n\t\t\t\t<\/div>\n\t\t\t\t\t<\/div>\n\t\t<\/div>\n\t\t\t\t\t<\/div>\n\t\t<\/section>\n\t\t\t\t<section class=\"elementor-section elementor-top-section elementor-element elementor-element-31decd1 elementor-section-boxed elementor-section-height-default elementor-section-height-default\" data-id=\"31decd1\" data-element_type=\"section\" data-settings=\"{&quot;background_background&quot;:&quot;gradient&quot;}\">\n\t\t\t\t\t\t<div class=\"elementor-container elementor-column-gap-default\">\n\t\t\t\t\t<div class=\"elementor-column elementor-col-100 elementor-top-column elementor-element elementor-element-d42fcff\" data-id=\"d42fcff\" data-element_type=\"column\">\n\t\t\t<div class=\"elementor-widget-wrap elementor-element-populated\">\n\t\t\t\t\t\t<div class=\"elementor-element elementor-element-a282f68 elementor-widget elementor-widget-spacer\" data-id=\"a282f68\" data-element_type=\"widget\" data-widget_type=\"spacer.default\">\n\t\t\t\t<div class=\"elementor-widget-container\">\n\t\t\t\t\t\t\t<div class=\"elementor-spacer\">\n\t\t\t<div class=\"elementor-spacer-inner\"><\/div>\n\t\t<\/div>\n\t\t\t\t\t\t<\/div>\n\t\t\t\t<\/div>\n\t\t\t\t<div class=\"elementor-element elementor-element-3196188 elementor-widget elementor-widget-themo-call-to-action\" data-id=\"3196188\" data-element_type=\"widget\" data-widget_type=\"themo-call-to-action.default\">\n\t\t\t\t<div class=\"elementor-widget-container\">\n\t\t\t\t\t\t\t<div class=\"th-cta\">\n\t\t\t\t\t        <div class=\"th-cta-text\">\n\t\t            <span>Ihastu itsekin. Lataa Sirppi nyt!<\/span>\n\t\t        <\/div>\n\t\t    \n                        <div class=\"th-cta-btn\">\n\n                                                            <a class=\"btn-1 th-btn btn-image\" href=\"https:\/\/itunes.apple.com\/fi\/app\/sirppi\/id1238678513?mt=8\" target=\"_blank\">\n                            <img decoding=\"async\" width=\"260\" height=\"80\" src=\"https:\/\/www.sirppi.fi\/fi\/wp-content\/uploads\/2018\/02\/app_store_button-260x80.png\" class=\"\" alt=\"\" \/>                        <\/a>\n                                    \n                                                            <a class=\"btn-2 th-btn btn-image\" href=\"https:\/\/play.google.com\/store\/apps\/details?id=fi.sirppi&#038;pcampaignid=MKT-Other-global-all-co-prtnr-py-PartBadge-Mar2515-1\">\n                            <img decoding=\"async\" width=\"260\" height=\"80\" src=\"https:\/\/www.sirppi.fi\/fi\/wp-content\/uploads\/2018\/02\/google_play_button-260x80-260x80.png\" class=\"\" alt=\"\" \/>                        <\/a>\n                                                <\/div>\n            \t\t<\/div>\n\t\t\t\t\t\t<\/div>\n\t\t\t\t<\/div>\n\t\t\t\t<div class=\"elementor-element elementor-element-1de2991 elementor-widget elementor-widget-spacer\" data-id=\"1de2991\" data-element_type=\"widget\" data-widget_type=\"spacer.default\">\n\t\t\t\t<div class=\"elementor-widget-container\">\n\t\t\t\t\t\t\t<div class=\"elementor-spacer\">\n\t\t\t<div class=\"elementor-spacer-inner\"><\/div>\n\t\t<\/div>\n\t\t\t\t\t\t<\/div>\n\t\t\t\t<\/div>\n\t\t\t\t\t<\/div>\n\t\t<\/div>\n\t\t\t\t\t<\/div>\n\t\t<\/section>\n\t\t\t\t<\/div>\n\t\t","protected":false},"excerpt":{"rendered":"<p>Ilmainen viljely\u00adsuunnitelma k\u00e4nnykk\u00e4\u00e4n Viljelytiedot k\u00e4nnyk\u00e4ss\u00e4 ja tietokoneella Oletko tietoinen, ett\u00e4 nykyaikainen viljelysuunnitelma ja lohkokirjanpito toimii k\u00e4nnyk\u00e4ss\u00e4? Kaikki viljelysuunnitelman tiedot voivat olla aina mukana omassa taskussa. Jos ep\u00e4ilet, ett\u00e4 pienell\u00e4 n\u00e4yt\u00f6ll\u00e4 on hankalaa k\u00e4sitell\u00e4 monimutkaisia asioita, niin kokeile itse Sirpin mobiilia &hellip; <a href=\"https:\/\/www.sirppi.fi\/fi\/ilmainen-viljelysuunnitelma-kannykkaan\/\">Read More<\/a><\/p>\n","protected":false},"author":1,"featured_media":0,"parent":0,"menu_order":22,"comment_status":"closed","ping_status":"closed","template":"","meta":{"footnotes":""},"class_list":["post-897","page","type-page","status-publish","hentry"],"_links":{"self":[{"href":"https:\/\/www.sirppi.fi\/fi\/wp-json\/wp\/v2\/pages\/897","targetHints":{"allow":["GET"]}}],"collection":[{"href":"https:\/\/www.sirppi.fi\/fi\/wp-json\/wp\/v2\/pages"}],"about":[{"href":"https:\/\/www.sirppi.fi\/fi\/wp-json\/wp\/v2\/types\/page"}],"author":[{"embeddable":true,"href":"https:\/\/www.sirppi.fi\/fi\/wp-json\/wp\/v2\/users\/1"}],"replies":[{"embeddable":true,"href":"https:\/\/www.sirppi.fi\/fi\/wp-json\/wp\/v2\/comments?post=897"}],"version-history":[{"count":19,"href":"https:\/\/www.sirppi.fi\/fi\/wp-json\/wp\/v2\/pages\/897\/revisions"}],"predecessor-version":[{"id":3071,"href":"https:\/\/www.sirppi.fi\/fi\/wp-json\/wp\/v2\/pages\/897\/revisions\/3071"}],"wp:attachment":[{"href":"https:\/\/www.sirppi.fi\/fi\/wp-json\/wp\/v2\/media?parent=897"}],"curies":[{"name":"wp","href":"https:\/\/api.w.org\/{rel}","templated":true}]}}