{"id":2741,"date":"2023-08-20T08:05:24","date_gmt":"2023-08-20T08:05:24","guid":{"rendered":"https:\/\/www.sirppi.fi\/fi\/?page_id=2741"},"modified":"2023-08-20T08:19:52","modified_gmt":"2023-08-20T08:19:52","slug":"tietosuojaseloste","status":"publish","type":"page","link":"https:\/\/www.sirppi.fi\/fi\/tietosuojaseloste\/","title":{"rendered":"Tietosuojaseloste &#8211; Privacy Policy"},"content":{"rendered":"\t\t<div data-elementor-type=\"wp-post\" data-elementor-id=\"2741\" class=\"elementor elementor-2741\">\n\t\t\t\t\t\t<section class=\"elementor-section elementor-top-section elementor-element elementor-element-zj6jjty elementor-section-height-min-height title-section elementor-section-boxed elementor-section-height-default elementor-section-items-middle\" data-id=\"zj6jjty\" data-element_type=\"section\" data-settings=\"{&quot;background_background&quot;:&quot;classic&quot;}\">\n\t\t\t\t\t\t\t<div class=\"elementor-background-overlay\"><\/div>\n\t\t\t\t\t\t\t<div class=\"elementor-container elementor-column-gap-default\">\n\t\t\t\t\t<div class=\"elementor-column elementor-col-100 elementor-top-column elementor-element elementor-element-gpqnzgu\" data-id=\"gpqnzgu\" data-element_type=\"column\">\n\t\t\t<div class=\"elementor-widget-wrap elementor-element-populated\">\n\t\t\t\t\t\t<div class=\"elementor-element elementor-element-92fc512 elementor-hidden-phone elementor-widget elementor-widget-spacer\" data-id=\"92fc512\" data-element_type=\"widget\" data-widget_type=\"spacer.default\">\n\t\t\t\t<div class=\"elementor-widget-container\">\n\t\t\t\t\t\t\t<div class=\"elementor-spacer\">\n\t\t\t<div class=\"elementor-spacer-inner\"><\/div>\n\t\t<\/div>\n\t\t\t\t\t\t<\/div>\n\t\t\t\t<\/div>\n\t\t\t\t<div class=\"elementor-element elementor-element-9b8d9d0 elementor-hidden-desktop elementor-hidden-tablet elementor-widget elementor-widget-spacer\" data-id=\"9b8d9d0\" data-element_type=\"widget\" data-widget_type=\"spacer.default\">\n\t\t\t\t<div class=\"elementor-widget-container\">\n\t\t\t\t\t\t\t<div class=\"elementor-spacer\">\n\t\t\t<div class=\"elementor-spacer-inner\"><\/div>\n\t\t<\/div>\n\t\t\t\t\t\t<\/div>\n\t\t\t\t<\/div>\n\t\t\t\t<div class=\"elementor-element elementor-element-7033d13c text-title elementor-view-default elementor-position-top elementor-invisible elementor-widget elementor-widget-themo-header\" data-id=\"7033d13c\" data-element_type=\"widget\" data-settings=\"{&quot;_animation&quot;:&quot;fadeIn&quot;}\" data-widget_type=\"themo-header.default\">\n\t\t\t\t<div class=\"elementor-widget-container\">\n\t\t\t\t\t\t\t<div class=\"th-header-wrap\">\n        <div class=\"elementor-icon-box-wrapper \">\n                            <div class=\"elementor-icon-box-content\">\n                    <h1 class=\"elementor-icon-box-title\">\n                        Tietosuojaseloste - Privacy Policy                    <\/h1>\n                                        <p class=\"elementor-icon-box-description\">Nikitec Oy \/ Sirppi-pilvipalvelu<\/p>\n\n                                    <\/div>\n            <\/div>\n\n        <\/div>\n\n\t\t\t\t\t\t<\/div>\n\t\t\t\t<\/div>\n\t\t\t\t\t<\/div>\n\t\t<\/div>\n\t\t\t\t\t<\/div>\n\t\t<\/section>\n\t\t\t\t<section class=\"elementor-section elementor-top-section elementor-element elementor-element-3890586 elementor-section-full_width content-section elementor-section-height-default elementor-section-height-default\" data-id=\"3890586\" data-element_type=\"section\" data-settings=\"{&quot;background_background&quot;:&quot;classic&quot;}\">\n\t\t\t\t\t\t<div class=\"elementor-container elementor-column-gap-default\">\n\t\t\t\t\t<div class=\"elementor-column elementor-col-100 elementor-top-column elementor-element elementor-element-212e88e\" data-id=\"212e88e\" data-element_type=\"column\">\n\t\t\t<div class=\"elementor-widget-wrap elementor-element-populated\">\n\t\t\t\t\t\t<div class=\"elementor-element elementor-element-571e321 text-content elementor-widget elementor-widget-text-editor\" data-id=\"571e321\" data-element_type=\"widget\" data-widget_type=\"text-editor.default\">\n\t\t\t\t<div class=\"elementor-widget-container\">\n\t\t\t\t\t\t\t\t\t<h3>Yleist\u00e4<\/h3><p>Nikitec Oy on suomalainen osakeyhti\u00f6, joka yll\u00e4pit\u00e4\u00e4 Sirppi-pilvipalvelua mobiilisovelluksilla ja osoitteessa https:\/\/web.sirppi.fi\/ (j\u00e4ljemp\u00e4n\u00e4 \u201cPalvelu\u201d). Nikitec Oy on sitoutunut huolehtimaan k\u00e4ytt\u00e4jien (\u201cK\u00e4ytt\u00e4j\u00e4\u201d tai \u201cSin\u00e4\u201d) tietosuojasta ja varmistamaan henkil\u00f6tietojen tietoturvan.<\/p><p>T\u00e4ss\u00e4 tietosuojaselosteessa (\u201dTietosuojaseloste\u201d) kerrotaan, millaisia tietoja ker\u00e4\u00e4mme Sinusta kun k\u00e4yt\u00e4t Palvelua, miten k\u00e4yt\u00e4mme tietoja ja miten voit vaikuttaa tietojen tallentamiseen.<\/p><p>K\u00e4ytt\u00e4m\u00e4ll\u00e4 Palveluamme hyv\u00e4ksyt t\u00e4m\u00e4n Tietosuojaselosteen ehdot. Annat samalla luvan tietojesi ker\u00e4\u00e4miseen, k\u00e4ytt\u00e4miseen ja luovuttamiseen t\u00e4m\u00e4n Tietosuojaselosteen mukaisesti. Jos et hyv\u00e4ksy ehtoja, et voi k\u00e4ytt\u00e4\u00e4 Sirppi-pilvipalvelua mill\u00e4\u00e4n tavoin.<\/p><p>T\u00e4t\u00e4 Tietosuojaselostetta ei sovelleta sellaisiin palveluihin, jotka ovat meist\u00e4 riippumattomia, mukaan lukien sellaisten kolmansien osapuolien palvelut, joille luovutamme tietoja t\u00e4m\u00e4n Tietosuojaselosteen mukaisesti.<\/p><p>T\u00e4ss\u00e4 Tietosuojaselosteessa kerrotaan:<\/p><ol><li>Mit\u00e4 tietoja ker\u00e4\u00e4mme<\/li><li>Miten ker\u00e4\u00e4mme tietoja<\/li><li>Miten k\u00e4yt\u00e4mme ker\u00e4ttyj\u00e4 tietoja<\/li><li>Kenen kanssa jaamme tietoja ja miksi<\/li><li>Miten kauan s\u00e4ilyt\u00e4mme tietoja<\/li><li>Suoramarkkinointi<\/li><li>Erityinen huomautus koskien lasten yksityisyytt\u00e4<\/li><li>Miten suojaamme tiedot<\/li><li>P\u00e4ivitykset tai muutokset Tietosuojaselosteeseen<\/li><li>Kieli ja Tietosuojaseloste<\/li><\/ol><h2>1. Mit\u00e4 tietoja ker\u00e4\u00e4mme?<\/h2><h3>Henkil\u00f6tietoja, maatilan tietoja, peltolohkojen tietoja ja paikkatietoja<\/h3><p>Pyyd\u00e4mme sinulta sellaisia tietoja, joiden perusteella henkil\u00f6llisyytesi voidaan selvitt\u00e4\u00e4 tarkoituksenmukaisesti Sinulle tarjoamiemme palveluiden yhteydess\u00e4. T\u00e4llaisia tietoja voivat olla IP, aikaleima, laitedata, l\u00e4hde, s\u00e4hk\u00f6postiosoite, etunimi, sukunimi, sukupuoli, syntym\u00e4aika, osoite, postinumero, postitoimipaikka, puhelinnumero, sek\u00e4 muut sovelluksen ker\u00e4\u00e4m\u00e4t ja k\u00e4ytt\u00e4j\u00e4n siihen tallentamat tiedot<\/p><p>Lis\u00e4ksi ker\u00e4\u00e4mme mm. palveluun tallentamiasi maatilan tietoja, peltolohkojen tietoja, karttamerkint\u00f6jen tietoja ja mobiililaitteesi paikkatietoja.<\/p><h3>Tietoja joita ker\u00e4\u00e4mme automaattisesti<\/h3><p>Ker\u00e4\u00e4mme tiettyj\u00e4 tietoja Sinusta automaattisesti k\u00e4ytt\u00e4ess\u00e4si Palveluamme. T\u00e4llaisia tietoja ei ole mahdollista yhdist\u00e4\u00e4 henkil\u00f6tietoihisi. T\u00e4llaiset ei-henkil\u00f6kohtaiset tiedot kattavat esimerkiksi k\u00e4ytt\u00e4m\u00e4si laitteen ja verkkoselaimen versiotiedot ja muita teknisi\u00e4 tietoja, k\u00e4ytt\u00f6tilastoja sek\u00e4 k\u00e4ytt\u00e4m\u00e4si ohjelmistojen ja laitteistojen tietoja sek\u00e4 tietoja Palveluista, jotka ohjasivat sinut meid\u00e4n Palveluumme. Tilastoimme esimerkiksi kieliversioita, vierailuaikoja ja linkkien napsautuksia.<\/p><h2>2. Miten ker\u00e4\u00e4mme tietoja<\/h2><p>Ker\u00e4\u00e4mme Sinun henkil\u00f6kohtaisesti sy\u00f6tt\u00e4mi\u00e4si tietoja sek\u00e4 automaattisesti laitteeltasi saatuja tietoja monilla alan yleisesti k\u00e4ytetyill\u00e4 ty\u00f6kaluilla, kuten ev\u00e4steill\u00e4, tunnisteilla, webanalysointity\u00f6kaluilla ja muilla vastaavilla tekniikoilla.<\/p><p>Voimme ker\u00e4t\u00e4 p\u00e4\u00e4telaitettasi koskevia tietoja ev\u00e4steiden (eng. cookie) avulla. Voimme tallentaa ja s\u00e4ilytt\u00e4\u00e4 ev\u00e4steiden avulla ker\u00e4ttyj\u00e4 tietoja alla m\u00e4\u00e4ritettyihin tarkoituksiin. Voit est\u00e4\u00e4 ev\u00e4steiden k\u00e4yt\u00f6n verkkoselaimessasi tai k\u00e4ytt\u00f6j\u00e4rjestelm\u00e4ss\u00e4si, mutta t\u00e4m\u00e4 voi haitata Palvelumme k\u00e4ytett\u00e4vyytt\u00e4 ja k\u00e4ytt\u00f6kokemustasi.<\/p><p>Voimme k\u00e4ytt\u00e4\u00e4 ev\u00e4steiden ja muiden vastaavien tekniikoiden avulla saatuja tietoja Palvelun laadun ja designin parantamiseen. Tekniikat muun muassa mahdollistavat sen, ett\u00e4 Sinun ei tarvitse sy\u00f6tt\u00e4\u00e4 k\u00e4ytt\u00e4j\u00e4tunnuksia, salasanoja muita henkil\u00f6kohtaisia valintoja joka kerta uudelleen.<\/p><p>Voimme personoida k\u00e4ytt\u00f6kokemuksesi, seurata k\u00e4ytt\u00f6\u00e4si ja luoda sinulle k\u00e4ytt\u00f6tilastoja Palvelun k\u00e4yt\u00f6st\u00e4si.<\/p><h3>Mik\u00e4 on ev\u00e4ste<\/h3><p>Kun Sin\u00e4 k\u00e4yt\u00e4t palveluamme, selain tai mobiilisovellus tallentaa p\u00e4\u00e4telaitteellesi ev\u00e4stetiedoston. Ev\u00e4steet ovat k\u00e4yt\u00e4nn\u00f6llisi\u00e4 apuja ja niit\u00e4 k\u00e4ytet\u00e4\u00e4n moneen tarkoitukseen. Ev\u00e4steet voivat helpottaa Palvelun k\u00e4ytt\u00f6\u00e4 muistamalla valitsemasi asetukset, salasanasi ja muut personoinnit.<\/p><p>Voit lukea lis\u00e4\u00e4 ev\u00e4steist\u00e4 osoitteessa www.allaboutcookies.org. Voit poistaa ev\u00e4steemme selaimesi tai mobiililaitteesi asetuksista. Muista kuitenkin, ett\u00e4 jos poistat ev\u00e4steet k\u00e4yt\u00f6st\u00e4, se voi haitata Palvelumme k\u00e4ytett\u00e4vyytt\u00e4 ja k\u00e4ytt\u00f6kokemustasi.<\/p><h3>Miksi k\u00e4yt\u00e4mme ev\u00e4steit\u00e4<\/h3><p>Voimme ker\u00e4t\u00e4 ev\u00e4steiden ja muiden vastaavien tekniikoiden avulla saatuja ei-henkil\u00f6kohtaisia tietoja Palvelumme k\u00e4yt\u00f6st\u00e4, p\u00e4\u00e4telaitteestasi, verkkoselaimestasi ja vierailustasi. Voimme<br \/>tallentaa esimerkiksi vierailup\u00e4iv\u00e4si, kellonajan ja linkit, joita seurasit.<\/p><p>Voimme my\u00f6s antaa kolmansien osapuolien (palveluntarjoajien joka hoitavat jonkin palvelun meid\u00e4n puolestamme, kuten asiakaspalvelun, markkinoinnin, analytiikan, mainosseurannan tai tuen) n\u00e4ytt\u00e4\u00e4 mainoksia Palvelullamme. N\u00e4m\u00e4 palveluntarjoajat voivat my\u00f6s k\u00e4ytt\u00e4\u00e4 vastaavia tekniikoita ei-henkil\u00f6kohtaisten tietojen ker\u00e4\u00e4miseen. Emme luovuta mit\u00e4\u00e4n henkil\u00f6tietoja kolmansille osapuolille, ellei t\u00e4ss\u00e4 Tietosuojaselosteessa ole erikseen niin m\u00e4\u00e4r\u00e4tty.<\/p><h2>3. Miten k\u00e4yt\u00e4mme ker\u00e4ttyj\u00e4 tietoja<\/h2><ul><li>Vastaamme Sinun kysymyksiisi, palautteeseesi tai tiedusteluihisi.<\/li><li>Kehit\u00e4mme palvelun toimintaa<\/li><li>Kohdennamme ja personoimme tarjouksiamme ja Palvelussamme mahdollisesti n\u00e4kyvi\u00e4 mainoksia.<\/li><li>Viestimme Sinun kanssasi (s\u00e4hk\u00f6postitse, puhelimella, jne).<\/li><li>Ratkomme kiistatilanteita ja valvomme k\u00e4yt\u00e4nt\u00f6j\u00e4mme, esimerkiksi tutkimalla mahdollisia v\u00e4\u00e4rink\u00e4yt\u00f6ksi\u00e4, kulloinkin voimassa olevien k\u00e4yt\u00e4nt\u00f6jen, lakien ja asetusten mukaisesti.<\/li><li>Teemme k\u00e4ytt\u00e4j\u00e4tutkimuksia, teknist\u00e4 diagnosointia, analyysej\u00e4 ja tilastoja.<\/li><li>Tuotamme juuri Sinua kiinnostavia lis\u00e4palveluja ja erikoistarjouksia.<\/li><li>Havaitsemme, ehk\u00e4isemme ja puutumme huijauksiin ja teknisiin ongelmiin.<\/li><\/ul><h2>4. Kenen kanssa jaamme tietoja ja miksi<\/h2><h3>Palveluntarjoajat<\/h3><p>Voimme jakaa Sinun tietojasi, mukaan lukien henkil\u00f6tietoja, yhteisty\u00f6kumppaneillemme ja kolmannen osapuolen palveluntarjoajille, joilla on lupa k\u00e4ytt\u00e4\u00e4 tietoja vain yll\u00e4 kuvattuihin tarkoituksiin, tai yhteisty\u00f6kumppaneillemme jotka tuottavat palveluita meille (esim. asiakaspalvelu, kampanjoiden toteutus, markkinointituki, tekninen tuki, analysointi jne.).<\/p><p>Tietoja annetaan vain siin\u00e4 m\u00e4\u00e4rin, mit\u00e4 t\u00e4ss\u00e4 Tietosuojaselosteessa m\u00e4\u00e4r\u00e4ttyjen palveluiden toimittamiseen on tarpeen. K\u00e4ytt\u00e4m\u00e4ll\u00e4 palveluita hyv\u00e4ksyt, ett\u00e4 henkil\u00f6tietosi voidaan tallentaa, k\u00e4ytt\u00e4\u00e4 ja luovuttaa luotettaville kolmansille osapuolille, t\u00e4ss\u00e4 m\u00e4\u00e4r\u00e4tyin ehdoin.<\/p><h3>Muu tietojen luovutus<\/h3><p>Voimme jakaa tietojasi, mukaan lukien henkil\u00f6tietojasi, jos viranomaiset niin pyyt\u00e4v\u00e4t asianmukaisen laillisen menettelyn kautta. Tai jos muut lakitekniset seikat sit\u00e4 vaativat esimerkiksi tekij\u00e4noikeuksiin tai muihin oikeuksiin liittyen, tai jos meill\u00e4 on syyt\u00e4 ep\u00e4ill\u00e4 petosta tai muuta rikollista toimintaa, tai jos henkil\u00f6n tai omaisuuden turvallisuus ja suojaaminen sit\u00e4 vaatii. Tai jos meid\u00e4n k\u00e4yt\u00e4nt\u00f6j\u00e4mme tai palveluitamme v\u00e4\u00e4rink\u00e4ytet\u00e4\u00e4n, tai lakien ja asetusten noudattaminen sit\u00e4 muusta syyst\u00e4 vaatii. T\u00e4llaisessa tapauksessa voimme k\u00e4ytt\u00e4\u00e4 tai luopua mist\u00e4 tahansa lain m\u00e4\u00e4r\u00e4\u00e4m\u00e4st\u00e4 oikeudesta tai vastuusta.<br \/>Yhteisty\u00f6kumppanit ja yritysostot<\/p><p>Voimme jakaa tietojasi, mukaan lukien henkil\u00f6tietojasi, emoyhti\u00f6llemme, alihankkijoillemme, yhteisty\u00f6kumppaneillemme tai muille samaan ryhm\u00e4\u00e4n kuuluville toimijoille. Voimme jakaa tietoja my\u00f6s suuren yritysoston yhteydess\u00e4 (esimerkiksi jos merkitt\u00e4v\u00e4 osa yritystoiminnastamme myyd\u00e4\u00e4n, sulautetaan tai muuten yhdistet\u00e4\u00e4n toiseen yritykseen).<\/p><p>Yll\u00e4 kuvatun organisaatiomuutoksen tapahtuessa, yhteisty\u00f6kumppanimme tai omistajamme sitoutuu noudattamaan t\u00e4m\u00e4n Tietosuojaselosteen m\u00e4\u00e4rittelemi\u00e4 oikeuksia ja vastuita.<\/p><h3>Automaattisesti ker\u00e4tyt tiedot<\/h3><p>Automaattisesti ker\u00e4ttyj\u00e4 tietoja, tai sellaisia tietoja joita ei voi yhdist\u00e4\u00e4 henkil\u00f6\u00f6n, voidaan jakaa kolmansille osapuolille kaikissa yll\u00e4kuvatuissa olosuhteissa, ja kohdennettujen palveluiden tai mainosten kehitt\u00e4misess\u00e4 (meid\u00e4n Palvelumme tai kolmansien osapuolten Palvelujen kautta), tai meid\u00e4n palveluidemme kehitt\u00e4miseksi, tai liiketoiminnan tukena. T\u00e4llaiset tiedot voidaan yhdist\u00e4\u00e4 meid\u00e4n muualta saamiimme tietoihin, kunhan kaikki tiedot pysyv\u00e4t tunnistamattomina, eli niihin ei yhdistet\u00e4 henkil\u00f6tietoja.<\/p><h3>Kolmansien osapuolien tietojen ker\u00e4\u00e4minen<\/h3><p>T\u00e4m\u00e4 Tietosuojaseloste k\u00e4sittelee vain meid\u00e4n ker\u00e4\u00e4m\u00e4mme tiedon k\u00e4ytt\u00f6\u00e4 ja luovutusta. Jos luovutat tietojasi kolmansille osapuolille meid\u00e4n palvelumme kautta (Palvelullamme tai palveluidemme kautta, esimerkiksi napsauttamalla linkki\u00e4 toiselle Palvelulle) tai muualla internetiss\u00e4, n\u00e4it\u00e4 tietoja koskevat kyseisen Palvelun omat Tietosuojak\u00e4yt\u00e4nn\u00f6t. Suosittelemme, ett\u00e4 luet ne ennen kuin luovutat henkil\u00f6tietojasi kolmansien osapuolten k\u00e4ytt\u00f6\u00f6n.<\/p><h2>5. Miten kauan s\u00e4ilyt\u00e4mme tietoja<\/h2><p>Voimme korjata, korvata tai poistaa puutteellisia tai virheellisi\u00e4 tietoja koska tahansa pyynn\u00f6st\u00e4si. Jos haluat poistaa henkil\u00f6tietosi, ota yhteytt\u00e4 meihin osoitteessa asiakaspalvelu@sirppi.fi.<\/p><p>Huomaa, ett\u00e4 ellet toisin pyyd\u00e4, me s\u00e4ilyt\u00e4mme ker\u00e4\u00e4mi\u00e4mme tietoja (my\u00f6s henkil\u00f6tietoja) niin kauan kuin palveluiden tuottamisen kannalta on tarpeellista, ja t\u00e4ytt\u00e4\u00e4ksemme lain vaatimukset, ratkaistaksemme riitatilanteet ja noudattaaksemme sopimuksiamme.<\/p><h2>6. Suoramarkkinointi<\/h2><p>Jos olet antanut meille s\u00e4hk\u00f6postiosoitteesi, voimme l\u00e4hett\u00e4\u00e4 Sinulle tarpeelliseksi katsomiamme s\u00e4hk\u00f6posteja, kuten asiakaspalvelutiedotteita, hallinnollisia viestej\u00e4 tai kyselyj\u00e4. Voimme my\u00f6s l\u00e4hett\u00e4\u00e4 tietoja kampanjoista, bonusohjelmista yms.<\/p><p>Emme luovuta s\u00e4hk\u00f6postiosoitettasi mainosk\u00e4ytt\u00f6\u00f6n ulkopuolisille tahoille. Huomaa, ett\u00e4 ohjelman k\u00e4ytt\u00f6tuki, laskutus ja muu yhteydenpito ei v\u00e4ltt\u00e4m\u00e4tt\u00e4 onnistu ilman s\u00e4hk\u00f6postiosoitetta.<\/p><h2>7. Erityinen huomautus koskien lasten yksityisyytt\u00e4<\/h2><p>Palvelumme ei ole tarkoitettu alle 18-vuotiaille, eik\u00e4 etenk\u00e4\u00e4n alle 13-vuotiaille lapsille. Emme tietoisesti ker\u00e4\u00e4 henkil\u00f6tietoja alle 13-vuotiaista lapsista. Huomioithan, ett\u00e4 mik\u00e4li saamme tietoomme, ett\u00e4 Sin\u00e4 olet alle 18-vuotias, poistamme kaikki tietosi j\u00e4rjestelm\u00e4st\u00e4mme. Varaamme oikeuden varmistaa k\u00e4ytt\u00e4j\u00e4n i\u00e4n koska tahansa, jotta voimme varmistaa etteiv\u00e4t lapset k\u00e4yt\u00e4 palveluamme.<\/p><h2>8. Miten suojaamme tiedot<\/h2><p>Sovellamme alalla yleisesti noudatettavia standardeja ja yll\u00e4pid\u00e4mme tarkoituksenmukaisia toimia varmistaaksemme hallussamme olevien tietojen ja henkil\u00f6tietojen turvallisuuden, loukkaamattomuuden ja yksityisyyden. Vaikka teemme kaikki tarkoituksenmukaiset turvatoimet, emme ole vastuussa, jos joku kolmas osapuoli saa tiedot luvatta k\u00e4ytt\u00f6\u00f6n Palvelun v\u00e4\u00e4rink\u00e4yt\u00f6ll\u00e4.<\/p><p>Emme takaa, ett\u00e4 voimme kaikissa tilanteissa est\u00e4\u00e4 t\u00e4llaisen v\u00e4\u00e4rink\u00e4yt\u00f6n.<\/p><p>Jos koet ett\u00e4 yksityisyytt\u00e4si on k\u00e4ytetty t\u00e4m\u00e4n Tietosuojaselosteen vastaisesti tai jos joku on yritt\u00e4nyt v\u00e4\u00e4rink\u00e4ytt\u00e4\u00e4 palveluamme tai toiminut ep\u00e4asiallisesti, ota meihin yhteys osoitteessa: asiakaspalvelu@sirppi.fi ja Tietosuoja-asioista vastaava henkil\u00f6 tutkii asian viiveett\u00e4.<\/p><h2>9. P\u00e4ivitykset tai muutokset Tietosuojaselosteeseen<\/h2><p>Varaamme oikeuden muuttaa t\u00e4t\u00e4 Tietosuojaselostetta aika ajoin. Muutokset tulevat voimaan v\u00e4litt\u00f6m\u00e4sti, kun uusi versio Tietosuojaselosteesta julkaistaan. Muutokset kuvataan selke\u00e4sti \u201dViimeksi muutettu\u201d \u2013otsikon alla. Hyv\u00e4ksyt muutokset k\u00e4ytt\u00e4m\u00e4ll\u00e4 Palveluamme sen j\u00e4lkeen, kun tieto muutoksista on annettu Palvelullamme.<\/p><h2>10. Kieli ja Tietosuojaseloste<\/h2><p>Jos t\u00e4st\u00e4 Tietosuojalauseesta tarjotaan erikielinen versio, huomaa ett\u00e4 k\u00e4\u00e4nn\u00f6s on vain sinun avuksesi ja suomenkielinen versio on aina virallinen ja p\u00e4tev\u00e4. Jos erikielinen versio ja suomenkielinen versio eroavat miss\u00e4 tahansa kohdassa, noudatetaan aina suomenkielist\u00e4 versiota.<\/p><h2>Ota yhteytt\u00e4<\/h2><p>Jos sinulla on mit\u00e4 tahansa kysytt\u00e4v\u00e4\u00e4 tai tiedusteltavaa t\u00e4st\u00e4 Tietosuojaselosteesta, ota yhteys meihin s\u00e4hk\u00f6postitse osoitteessa asiakaspalvelu@sirppi.fi.<\/p><p>\u00a0<\/p>\t\t\t\t\t\t\t\t<\/div>\n\t\t\t\t<\/div>\n\t\t\t\t\t<\/div>\n\t\t<\/div>\n\t\t\t\t\t<\/div>\n\t\t<\/section>\n\t\t\t\t<section class=\"elementor-section elementor-top-section elementor-element elementor-element-31decd1 elementor-section-boxed elementor-section-height-default elementor-section-height-default\" data-id=\"31decd1\" data-element_type=\"section\" data-settings=\"{&quot;background_background&quot;:&quot;gradient&quot;}\">\n\t\t\t\t\t\t<div class=\"elementor-container elementor-column-gap-default\">\n\t\t\t\t\t<div class=\"elementor-column elementor-col-100 elementor-top-column elementor-element elementor-element-d42fcff\" data-id=\"d42fcff\" data-element_type=\"column\">\n\t\t\t<div class=\"elementor-widget-wrap elementor-element-populated\">\n\t\t\t\t\t\t<div class=\"elementor-element elementor-element-a282f68 elementor-widget elementor-widget-spacer\" data-id=\"a282f68\" data-element_type=\"widget\" data-widget_type=\"spacer.default\">\n\t\t\t\t<div class=\"elementor-widget-container\">\n\t\t\t\t\t\t\t<div class=\"elementor-spacer\">\n\t\t\t<div class=\"elementor-spacer-inner\"><\/div>\n\t\t<\/div>\n\t\t\t\t\t\t<\/div>\n\t\t\t\t<\/div>\n\t\t\t\t<div class=\"elementor-element elementor-element-3196188 elementor-widget elementor-widget-themo-call-to-action\" data-id=\"3196188\" data-element_type=\"widget\" data-widget_type=\"themo-call-to-action.default\">\n\t\t\t\t<div class=\"elementor-widget-container\">\n\t\t\t\t\t\t\t<div class=\"th-cta\">\n\t\t\t\t\t        <div class=\"th-cta-text\">\n\t\t            <span>Ihastu itsekin. Lataa Sirppi nyt!<\/span>\n\t\t        <\/div>\n\t\t    \n                        <div class=\"th-cta-btn\">\n\n                                                            <a class=\"btn-1 th-btn btn-image\" href=\"https:\/\/itunes.apple.com\/fi\/app\/sirppi\/id1238678513?mt=8\" target=\"_blank\">\n                            <img decoding=\"async\" width=\"260\" height=\"80\" src=\"https:\/\/www.sirppi.fi\/fi\/wp-content\/uploads\/2018\/02\/app_store_button-260x80.png\" class=\"\" alt=\"\" \/>                        <\/a>\n                                    \n                                                            <a class=\"btn-2 th-btn btn-image\" href=\"https:\/\/play.google.com\/store\/apps\/details?id=fi.sirppi&#038;pcampaignid=MKT-Other-global-all-co-prtnr-py-PartBadge-Mar2515-1\">\n                            <img decoding=\"async\" width=\"260\" height=\"80\" src=\"https:\/\/www.sirppi.fi\/fi\/wp-content\/uploads\/2018\/02\/google_play_button-260x80-260x80.png\" class=\"\" alt=\"\" \/>                        <\/a>\n                                                <\/div>\n            \t\t<\/div>\n\t\t\t\t\t\t<\/div>\n\t\t\t\t<\/div>\n\t\t\t\t<div class=\"elementor-element elementor-element-1de2991 elementor-widget elementor-widget-spacer\" data-id=\"1de2991\" data-element_type=\"widget\" data-widget_type=\"spacer.default\">\n\t\t\t\t<div class=\"elementor-widget-container\">\n\t\t\t\t\t\t\t<div class=\"elementor-spacer\">\n\t\t\t<div class=\"elementor-spacer-inner\"><\/div>\n\t\t<\/div>\n\t\t\t\t\t\t<\/div>\n\t\t\t\t<\/div>\n\t\t\t\t\t<\/div>\n\t\t<\/div>\n\t\t\t\t\t<\/div>\n\t\t<\/section>\n\t\t\t\t<\/div>\n\t\t","protected":false},"excerpt":{"rendered":"<p>Tietosuojaseloste &#8211; Privacy Policy Nikitec Oy \/ Sirppi-pilvipalvelu Yleist\u00e4 Nikitec Oy on suomalainen osakeyhti\u00f6, joka yll\u00e4pit\u00e4\u00e4 Sirppi-pilvipalvelua mobiilisovelluksilla ja osoitteessa https:\/\/web.sirppi.fi\/ (j\u00e4ljemp\u00e4n\u00e4 \u201cPalvelu\u201d). Nikitec Oy on sitoutunut huolehtimaan k\u00e4ytt\u00e4jien (\u201cK\u00e4ytt\u00e4j\u00e4\u201d tai \u201cSin\u00e4\u201d) tietosuojasta ja varmistamaan henkil\u00f6tietojen tietoturvan. T\u00e4ss\u00e4 tietosuojaselosteessa (\u201dTietosuojaseloste\u201d) &hellip; <a href=\"https:\/\/www.sirppi.fi\/fi\/tietosuojaseloste\/\">Read More<\/a><\/p>\n","protected":false},"author":2,"featured_media":0,"parent":0,"menu_order":22,"comment_status":"closed","ping_status":"closed","template":"","meta":{"footnotes":""},"class_list":["post-2741","page","type-page","status-publish","hentry"],"_links":{"self":[{"href":"https:\/\/www.sirppi.fi\/fi\/wp-json\/wp\/v2\/pages\/2741","targetHints":{"allow":["GET"]}}],"collection":[{"href":"https:\/\/www.sirppi.fi\/fi\/wp-json\/wp\/v2\/pages"}],"about":[{"href":"https:\/\/www.sirppi.fi\/fi\/wp-json\/wp\/v2\/types\/page"}],"author":[{"embeddable":true,"href":"https:\/\/www.sirppi.fi\/fi\/wp-json\/wp\/v2\/users\/2"}],"replies":[{"embeddable":true,"href":"https:\/\/www.sirppi.fi\/fi\/wp-json\/wp\/v2\/comments?post=2741"}],"version-history":[{"count":4,"href":"https:\/\/www.sirppi.fi\/fi\/wp-json\/wp\/v2\/pages\/2741\/revisions"}],"predecessor-version":[{"id":2746,"href":"https:\/\/www.sirppi.fi\/fi\/wp-json\/wp\/v2\/pages\/2741\/revisions\/2746"}],"wp:attachment":[{"href":"https:\/\/www.sirppi.fi\/fi\/wp-json\/wp\/v2\/media?parent=2741"}],"curies":[{"name":"wp","href":"https:\/\/api.w.org\/{rel}","templated":true}]}}