{"id":1905,"date":"2022-10-06T19:09:23","date_gmt":"2022-10-06T19:09:23","guid":{"rendered":"https:\/\/www.sirppi.fi\/fi\/?page_id=1905"},"modified":"2025-01-06T10:41:28","modified_gmt":"2025-01-06T10:41:28","slug":"sirpin-tarina","status":"publish","type":"page","link":"https:\/\/www.sirppi.fi\/fi\/sirpin-tarina\/","title":{"rendered":"Sirpin tarina"},"content":{"rendered":"\t\t<div data-elementor-type=\"wp-post\" data-elementor-id=\"1905\" class=\"elementor elementor-1905\">\n\t\t\t\t\t\t<section class=\"elementor-section elementor-top-section elementor-element elementor-element-zj6jjty elementor-section-height-min-height title-section elementor-section-boxed elementor-section-height-default elementor-section-items-middle\" data-id=\"zj6jjty\" data-element_type=\"section\" data-settings=\"{&quot;background_background&quot;:&quot;classic&quot;}\">\n\t\t\t\t\t\t\t<div class=\"elementor-background-overlay\"><\/div>\n\t\t\t\t\t\t\t<div class=\"elementor-container elementor-column-gap-default\">\n\t\t\t\t\t<div class=\"elementor-column elementor-col-100 elementor-top-column elementor-element elementor-element-5b516b9\" data-id=\"5b516b9\" data-element_type=\"column\">\n\t\t\t<div class=\"elementor-widget-wrap\">\n\t\t\t\t\t\t\t<\/div>\n\t\t<\/div>\n\t\t\t\t\t<\/div>\n\t\t<\/section>\n\t\t\t\t<section class=\"elementor-section elementor-top-section elementor-element elementor-element-3890586 elementor-section-full_width content-section elementor-section-height-default elementor-section-height-default\" data-id=\"3890586\" data-element_type=\"section\" data-settings=\"{&quot;background_background&quot;:&quot;classic&quot;}\">\n\t\t\t\t\t\t<div class=\"elementor-container elementor-column-gap-default\">\n\t\t\t\t\t<div class=\"elementor-column elementor-col-100 elementor-top-column elementor-element elementor-element-212e88e\" data-id=\"212e88e\" data-element_type=\"column\">\n\t\t\t<div class=\"elementor-widget-wrap elementor-element-populated\">\n\t\t\t\t\t\t<section class=\"elementor-section elementor-inner-section elementor-element elementor-element-f16ec71 elementor-section-boxed elementor-section-height-default elementor-section-height-default\" data-id=\"f16ec71\" data-element_type=\"section\">\n\t\t\t\t\t\t<div class=\"elementor-container elementor-column-gap-default\">\n\t\t\t\t\t<div class=\"elementor-column elementor-col-100 elementor-inner-column elementor-element elementor-element-3b93c72\" data-id=\"3b93c72\" data-element_type=\"column\">\n\t\t\t<div class=\"elementor-widget-wrap elementor-element-populated\">\n\t\t\t\t\t\t<div class=\"elementor-element elementor-element-1b92b2c story-text-title elementor-view-default elementor-position-top elementor-invisible elementor-widget elementor-widget-themo-header\" data-id=\"1b92b2c\" data-element_type=\"widget\" data-settings=\"{&quot;_animation&quot;:&quot;fadeIn&quot;}\" data-widget_type=\"themo-header.default\">\n\t\t\t\t<div class=\"elementor-widget-container\">\n\t\t\t\t\t\t\t<div class=\"th-header-wrap\">\n        <div class=\"elementor-icon-box-wrapper \">\n                            <div class=\"elementor-icon-box-content\">\n                    <h1 class=\"elementor-icon-box-title\">\n                        Sirpin tarina                    <\/h1>\n                                        <p class=\"elementor-icon-box-description\"><\/p>\n\n                                    <\/div>\n            <\/div>\n\n        <\/div>\n\n\t\t\t\t\t\t<\/div>\n\t\t\t\t<\/div>\n\t\t\t\t<div class=\"elementor-element elementor-element-2cef935 elementor-widget elementor-widget-text-editor\" data-id=\"2cef935\" data-element_type=\"widget\" data-widget_type=\"text-editor.default\">\n\t\t\t\t<div class=\"elementor-widget-container\">\n\t\t\t\t\t\t\t\t\t<p>Lopulta p\u00e4\u00e4tettiin tehd\u00e4 sellainen k\u00e4nnykk\u00e4sovellus, ett\u00e4 vanha is\u00e4nt\u00e4kin kokisi sen paremmaksi kuin paperi traktorin hytiss\u00e4. Tehd\u00e4 ihan tosissaan. Kun kerran tehd\u00e4\u00e4n. Niin syntyi Sirppi.<\/p>\t\t\t\t\t\t\t\t<\/div>\n\t\t\t\t<\/div>\n\t\t\t\t\t<\/div>\n\t\t<\/div>\n\t\t\t\t\t<\/div>\n\t\t<\/section>\n\t\t\t\t<section class=\"elementor-section elementor-inner-section elementor-element elementor-element-4c9e708 elementor-section-boxed elementor-section-height-default elementor-section-height-default\" data-id=\"4c9e708\" data-element_type=\"section\">\n\t\t\t\t\t\t<div class=\"elementor-container elementor-column-gap-default\">\n\t\t\t\t\t<div class=\"elementor-column elementor-col-100 elementor-inner-column elementor-element elementor-element-e3b1b19\" data-id=\"e3b1b19\" data-element_type=\"column\">\n\t\t\t<div class=\"elementor-widget-wrap elementor-element-populated\">\n\t\t\t\t\t\t<div class=\"elementor-element elementor-element-2458891 elementor-drop-cap-yes story-text elementor-drop-cap-view-default elementor-widget elementor-widget-text-editor\" data-id=\"2458891\" data-element_type=\"widget\" data-settings=\"{&quot;drop_cap&quot;:&quot;yes&quot;}\" data-widget_type=\"text-editor.default\">\n\t\t\t\t<div class=\"elementor-widget-container\">\n\t\t\t\t\t\t\t\t\t<p>Viljelemme sukutilaa. Tilan p\u00e4\u00e4rakennuksen sein\u00e4ss\u00e4 on vanha sirppi muistona ajasta, jolloin se oli tilan t\u00e4rkeimpi\u00e4 ty\u00f6v\u00e4lineit\u00e4.<\/p><p>Juhani otti is\u00e4nnyyden kauan sitten, juuri 22 vuotta t\u00e4ytt\u00e4neen\u00e4 nuorena miehen\u00e4. Ensin lypsykarja vaihtui lihakarjaan, muutaman vuoden kuluttua luovuttiin karjasta kokonaan. Tila keskittyi viljojen siemenviljelyyn ja Juhani ATK-opintoihin. Ajatus oli korvata osa tilan tuloista kirjoitusp\u00f6yd\u00e4n ja tietokoneen \u00e4\u00e4ress\u00e4.<\/p><p>J\u00e4lkik\u00e4teen katsottuna aika kului nopeasti. Vilja kasvoi, perhe sai j\u00e4lkikasvua ja vuodet kuluivat. Siihen aikaan maatilan kirjanpito ja peltoviljelyn suunnittelu tehtiin k\u00e4sin vihkoon tai paperikartalle. K\u00e4nnykk\u00e4\u00e4 ei viel\u00e4 ollut, ei edes tietokonetta.<\/p>\t\t\t\t\t\t\t\t<\/div>\n\t\t\t\t<\/div>\n\t\t\t\t\t<\/div>\n\t\t<\/div>\n\t\t\t\t\t<\/div>\n\t\t<\/section>\n\t\t\t\t<section class=\"elementor-section elementor-inner-section elementor-element elementor-element-638dfc8 elementor-section-boxed elementor-section-height-default elementor-section-height-default\" data-id=\"638dfc8\" data-element_type=\"section\">\n\t\t\t\t\t\t<div class=\"elementor-container elementor-column-gap-default\">\n\t\t\t\t\t<div class=\"elementor-column elementor-col-100 elementor-inner-column elementor-element elementor-element-68f8e08\" data-id=\"68f8e08\" data-element_type=\"column\">\n\t\t\t<div class=\"elementor-widget-wrap elementor-element-populated\">\n\t\t\t\t\t\t<div class=\"elementor-element elementor-element-ee515dc elementor-drop-cap-yes story-text elementor-drop-cap-view-default elementor-widget elementor-widget-text-editor\" data-id=\"ee515dc\" data-element_type=\"widget\" data-settings=\"{&quot;drop_cap&quot;:&quot;yes&quot;}\" data-widget_type=\"text-editor.default\">\n\t\t\t\t<div class=\"elementor-widget-container\">\n\t\t\t\t\t\t\t\t\t<p>Sitten Suomeen tulivat ensimm\u00e4iset mikrotietokoneet. Juhani kehitti tiimins\u00e4 kanssa maatiloille sopivan verokirjanpito-ohjelman. Iltaisin h\u00e4n suunnitteli toista tietokoneohjelmaa, sellaista jolla voisi tehd\u00e4 kasveille viljelysuunnittelun ja seurannan. Sellaisia ei viel\u00e4 ollut.\u00a0<\/p><p><span style=\"color: inherit; font-family: inherit; font-size: inherit; font-style: inherit; font-weight: inherit;\">Sitten Suomi liittyi EU:hun ja maatilojen niskaan kaatui kaikki mahdollinen byrokratia. Sit\u00e4 helpottamaan tiloille tulivat tietokoneet ja Juhanin tiimin pelto-ohjelmia suorastaan tungeksittiin ostamaan. Se oli hienoa aikaa, mutta jaksaminen oli lujilla.<\/span><\/p><p>Aika kului. Tiloille tuli yh\u00e4 uusia velvoitteita tuottaa sit\u00e4 ja t\u00e4t\u00e4 paperia, valvoa sit\u00e4 ja t\u00e4t\u00e4 asiaa. Viljelij\u00e4t alkoivat pel\u00e4t\u00e4, ett\u00e4 ovat vahingossa tehneet jonkin kirjausvirheen, josta tulee sanktioita.\u00a0<\/p><p>Hiljalleen paperikalenteri siirtyi k\u00e4nnykk\u00e4\u00e4n, samoin s\u00e4hk\u00f6posti ja s\u00e4\u00e4tiedotus. Yhten\u00e4 vuonna keksittiin tekstiviesti, toisena vuonna sen korvasi WhatsApp. Maatalouden byrokratiakin siirtyi paperilta tietokoneelle. Vaan ei k\u00e4nnykk\u00e4\u00e4n. Ei ainakaan niin, ett\u00e4 siit\u00e4 olisi ollut hy\u00f6ty\u00e4.<\/p>\t\t\t\t\t\t\t\t<\/div>\n\t\t\t\t<\/div>\n\t\t\t\t\t<\/div>\n\t\t<\/div>\n\t\t\t\t\t<\/div>\n\t\t<\/section>\n\t\t\t\t<section class=\"elementor-section elementor-inner-section elementor-element elementor-element-0255806 elementor-section-boxed elementor-section-height-default elementor-section-height-default\" data-id=\"0255806\" data-element_type=\"section\">\n\t\t\t\t\t\t<div class=\"elementor-container elementor-column-gap-default\">\n\t\t\t\t\t<div class=\"elementor-column elementor-col-100 elementor-inner-column elementor-element elementor-element-c5d8763\" data-id=\"c5d8763\" data-element_type=\"column\">\n\t\t\t<div class=\"elementor-widget-wrap elementor-element-populated\">\n\t\t\t\t\t\t<div class=\"elementor-element elementor-element-760b379 elementor-drop-cap-yes story-text elementor-drop-cap-view-default elementor-widget elementor-widget-text-editor\" data-id=\"760b379\" data-element_type=\"widget\" data-settings=\"{&quot;drop_cap&quot;:&quot;yes&quot;}\" data-widget_type=\"text-editor.default\">\n\t\t\t\t<div class=\"elementor-widget-container\">\n\t\t\t\t\t\t\t\t\t<p>Vuosien saatossa Sami, tilan nuori is\u00e4nt\u00e4, oli valmistunut tietojenk\u00e4sittelytieteen maisteriksi. Yritt\u00e4j\u00e4n pojalla oli yritt\u00e4j\u00e4n luonne ja halu tehd\u00e4 omaa ty\u00f6t\u00e4 tunteja laskematta. Syntyi useampikin menestynyt yritys, joiden tekniikan Sami rakensi. Ajatuksena oli kuitenkin olla joskus my\u00f6s maanviljelij\u00e4. Oman sukutilan jatkaja.<\/p><p>Juhani ja Sami vertailivat kokemuksiaan ja olivat toistensa apuna eri projekteissa. Juhani hallitsi tietokoneet, maatalouden tarpeet ja byrokratian. Sami osasi pilvipalvelut, mobiilisovellukset ja uusimman tekniikan. Molemmat olivat sek\u00e4 suunnittelijoita ett\u00e4 koodareita, devaajia. Kunnianhimo oli molemmilla yht\u00e4 suurta. Jos jotain tehd\u00e4\u00e4n, se tehd\u00e4\u00e4n kunnolla.<\/p><p>Silloin t\u00e4ll\u00f6in Juhani ja Sami pohdiskelivat, ett\u00e4 olisi aika ottaa uusin tekniikka maatalouden avuksi. Ihan jo oman tilankin takia. Mietittiin, mit\u00e4 kaikkea voitaisiin tehd\u00e4 nykyaikana toisin, helpommalla. Voitaisiinko tuoda maatalouden tekniikka 2020-luvulle ja tuottaa sama wau-efekti, jonka Juhanin tiimin tietokoneohjelmat tuottivat 90-luvulla.<\/p><p>Lopulta p\u00e4\u00e4tettiin tehd\u00e4 sellainen k\u00e4nnykk\u00e4sovellus, ett\u00e4 vanha is\u00e4nt\u00e4kin kokisi sen paremmaksi kuin paperi traktorin hytiss\u00e4. Tehd\u00e4 ihan tosissaan. Kun kerran tehd\u00e4\u00e4n.<\/p><p>Niin syntyi Sirppi. Mobiilisovellus maanviljelij\u00e4n avuksi.<\/p>\t\t\t\t\t\t\t\t<\/div>\n\t\t\t\t<\/div>\n\t\t\t\t\t<\/div>\n\t\t<\/div>\n\t\t\t\t\t<\/div>\n\t\t<\/section>\n\t\t\t\t<section class=\"elementor-section elementor-inner-section elementor-element elementor-element-f0966cc elementor-section-boxed elementor-section-height-default elementor-section-height-default\" data-id=\"f0966cc\" data-element_type=\"section\">\n\t\t\t\t\t\t<div class=\"elementor-container elementor-column-gap-default\">\n\t\t\t\t\t<div class=\"elementor-column elementor-col-100 elementor-inner-column elementor-element elementor-element-fbb46f4\" data-id=\"fbb46f4\" data-element_type=\"column\">\n\t\t\t<div class=\"elementor-widget-wrap elementor-element-populated\">\n\t\t\t\t\t\t<div class=\"elementor-element elementor-element-3e476a6 elementor-drop-cap-yes story-text elementor-drop-cap-view-default elementor-widget elementor-widget-text-editor\" data-id=\"3e476a6\" data-element_type=\"widget\" data-settings=\"{&quot;drop_cap&quot;:&quot;yes&quot;}\" data-widget_type=\"text-editor.default\">\n\t\t\t\t<div class=\"elementor-widget-container\">\n\t\t\t\t\t\t\t\t\t<p>Sovellus suunniteltiin niin, ett\u00e4 se oikeasti toimii k\u00e4nnyk\u00e4n pienell\u00e4 n\u00e4yt\u00f6ll\u00e4. T\u00e4rke\u00e4t tekstit tehtiin niin suurella, ett\u00e4 Juhanikin n\u00e4ki ne ilman laseja. Lohkokirjanpidon tapahtumat sai kuitattua yhdell\u00e4 napilla, kun Sirppi ehdotti itse ruudulla oikean lohkon oikeaa viljelytapahtumaa. Monet ruutupaperin tekstit pystyi korvaamaan yhdell\u00e4 valokuvalla. Ja niin k\u00e4vi, ett\u00e4 Juhani innostui eik\u00e4 halunnut en\u00e4\u00e4 yht\u00e4\u00e4n paperia traktorin hyttiin. Oli alkanut maatalouden uusi aika. Kaikki oli k\u00e4nnyk\u00e4ss\u00e4, kaikki tiedot koko ajan omassa taskussa. Jos k\u00e4nnykk\u00e4 rikkoontuisi, tiedot olisivat silti tallessa Sirpin pilvess\u00e4. Ja kuinka helppoa kaikki olikaan. Se tuntui hienolta.<\/p><p>Sirppi annettiin ilmaiseksi testik\u00e4ytt\u00e4jille ja jokaista toivetta kuunneltiin herk\u00e4ll\u00e4 korvalla. Sirpist\u00e4 haluttiin tehd\u00e4 paras maatalouden mobiilisovellus. Sellainen, josta on apua jokaiselle riippumatta siit\u00e4, onko h\u00e4nell\u00e4 jo k\u00e4yt\u00f6ss\u00e4 jokin ohjelma vai ei mit\u00e4\u00e4n. Paljastui, ett\u00e4 yksi k\u00e4ytt\u00e4j\u00e4 piti parhaana yht\u00e4 ominaisuutta ja toinen toista. Yhteist\u00e4 oli, ett\u00e4 kaikki kehuivat Sirppi\u00e4. Hienoa.<\/p><p>Syntyi mahdollisuus k\u00e4ytt\u00e4\u00e4 Sirppi\u00e4 tietokoneella, seurata lohkon kasvua satelliittikuvista ja tehd\u00e4 t\u00e4sm\u00e4lannoitusta. Jakaa lohkoja urakoitsijoille. Ja paljon muuta.<\/p><p>Sirpin k\u00e4ytt\u00e4jist\u00e4 haluttiin tiimi, joka yhdess\u00e4 tekee sovelluksesta entist\u00e4 paremman kertomalla omia toiveitaan. Ja niin k\u00e4vikin, monia ominaisuuksia tehtiin k\u00e4ytt\u00e4jien toiveesta. Ja tehd\u00e4\u00e4n edelleen.<\/p>\t\t\t\t\t\t\t\t<\/div>\n\t\t\t\t<\/div>\n\t\t\t\t\t<\/div>\n\t\t<\/div>\n\t\t\t\t\t<\/div>\n\t\t<\/section>\n\t\t\t\t<section class=\"elementor-section elementor-inner-section elementor-element elementor-element-d8e8f0d elementor-section-boxed elementor-section-height-default elementor-section-height-default\" data-id=\"d8e8f0d\" data-element_type=\"section\">\n\t\t\t\t\t\t<div class=\"elementor-container elementor-column-gap-default\">\n\t\t\t\t\t<div class=\"elementor-column elementor-col-100 elementor-inner-column elementor-element elementor-element-d96b737\" data-id=\"d96b737\" data-element_type=\"column\">\n\t\t\t<div class=\"elementor-widget-wrap elementor-element-populated\">\n\t\t\t\t\t\t<div class=\"elementor-element elementor-element-8f2d011 elementor-drop-cap-yes story-text elementor-drop-cap-view-default elementor-widget elementor-widget-text-editor\" data-id=\"8f2d011\" data-element_type=\"widget\" data-settings=\"{&quot;drop_cap&quot;:&quot;yes&quot;}\" data-widget_type=\"text-editor.default\">\n\t\t\t\t<div class=\"elementor-widget-container\">\n\t\t\t\t\t\t\t\t\t<p>Viel\u00e4 nytkin Sirpin saa k\u00e4ytt\u00f6\u00f6ns\u00e4 ilmaiseksi v\u00e4hint\u00e4\u00e4n vuodeksi. Jatkosta perit\u00e4\u00e4n pieni vuosimaksu riippumatta lohkojen tai k\u00e4ytt\u00e4jien m\u00e4\u00e4r\u00e4st\u00e4. P\u00e4\u00e4tarkoitus ei ollut raha vaan se, ett\u00e4 tehd\u00e4\u00e4n viljelij\u00f6ille hyv\u00e4 ty\u00f6kalu, johon voi luottaa.<\/p><p><span style=\"color: inherit; font-family: inherit; font-size: inherit; font-style: inherit; font-weight: inherit;\">Ja k\u00e4ytt\u00e4jien mukaan niin k\u00e4vi. K\u00e4ytt\u00e4j\u00e4m\u00e4\u00e4r\u00e4 kasvoi tuhansiin,\u00a0<\/span>tuotantotiimi kehittyi,<span style=\"color: inherit; font-family: inherit; font-size: inherit; font-style: inherit; font-weight: inherit;\">\u00a0jakelusta huolehtii Samin yritys Nikitec Oy ja sirpist\u00e4 tuli taas maatilan t\u00e4rke\u00e4 ty\u00f6kalu. Nykyajan Sirppi.<\/span><\/p><p>Ja kehitys jatkuu.<\/p><p><span style=\"color: inherit; font-family: inherit; font-size: inherit; font-style: inherit; font-weight: inherit;\">Viel\u00e4 kun saataisiin viljelij\u00f6iden talous kuntoon, ja suomalaiselle ruualle sille kuuluva arvostus.<\/span><\/p>\t\t\t\t\t\t\t\t<\/div>\n\t\t\t\t<\/div>\n\t\t\t\t\t<\/div>\n\t\t<\/div>\n\t\t\t\t\t<\/div>\n\t\t<\/section>\n\t\t\t\t<section class=\"elementor-section elementor-inner-section elementor-element elementor-element-1c48eb8 elementor-section-boxed elementor-section-height-default elementor-section-height-default\" data-id=\"1c48eb8\" data-element_type=\"section\">\n\t\t\t\t\t\t<div class=\"elementor-container elementor-column-gap-default\">\n\t\t\t\t\t<div class=\"elementor-column elementor-col-100 elementor-inner-column elementor-element elementor-element-3d6a618\" data-id=\"3d6a618\" data-element_type=\"column\">\n\t\t\t<div class=\"elementor-widget-wrap elementor-element-populated\">\n\t\t\t\t\t\t<div class=\"elementor-element elementor-element-302ed10 elementor-widget-divider--view-line elementor-widget elementor-widget-divider\" data-id=\"302ed10\" data-element_type=\"widget\" data-widget_type=\"divider.default\">\n\t\t\t\t<div class=\"elementor-widget-container\">\n\t\t\t\t\t\t\t<div class=\"elementor-divider\">\n\t\t\t<span class=\"elementor-divider-separator\">\n\t\t\t\t\t\t<\/span>\n\t\t<\/div>\n\t\t\t\t\t\t<\/div>\n\t\t\t\t<\/div>\n\t\t\t\t<div class=\"elementor-element elementor-element-114e2a6 elementor-drop-cap-yes story-text elementor-drop-cap-view-default elementor-widget elementor-widget-text-editor\" data-id=\"114e2a6\" data-element_type=\"widget\" data-settings=\"{&quot;drop_cap&quot;:&quot;yes&quot;}\" data-widget_type=\"text-editor.default\">\n\t\t\t\t<div class=\"elementor-widget-container\">\n\t\t\t\t\t\t\t\t\t<p><em>Vuonna 2022 Sirppi p\u00e4\u00e4tettiin esitell\u00e4 virallisesti maatalouskonemessuilla. Se sai Kunniamaininnan arvostetussa Uutuustuote 2022 -kilpailussa.<\/em><\/p><p>\u00a0<\/p><p>Jaa mik\u00e4 Nikitec Oy? No se, jolle nimen antoi Niki, vieress\u00e4 nukkuva perheen koiranestori. Nyt jo kunnioitettu vanhus.<\/p>\t\t\t\t\t\t\t\t<\/div>\n\t\t\t\t<\/div>\n\t\t\t\t<div class=\"elementor-element elementor-element-ce1b62b elementor-drop-cap-yes elementor-drop-cap-view-default elementor-widget elementor-widget-text-editor\" data-id=\"ce1b62b\" data-element_type=\"widget\" data-settings=\"{&quot;drop_cap&quot;:&quot;yes&quot;}\" data-widget_type=\"text-editor.default\">\n\t\t\t\t<div class=\"elementor-widget-container\">\n\t\t\t\t\t\t\t\t\t<p style=\"text-align: right;\"><strong><em style=\"color: inherit; font-family: inherit; font-size: inherit; font-weight: inherit;\">&#8211; Sirpin Tiimi<\/em><\/strong><\/p>\t\t\t\t\t\t\t\t<\/div>\n\t\t\t\t<\/div>\n\t\t\t\t\t<\/div>\n\t\t<\/div>\n\t\t\t\t\t<\/div>\n\t\t<\/section>\n\t\t\t\t\t<\/div>\n\t\t<\/div>\n\t\t\t\t\t<\/div>\n\t\t<\/section>\n\t\t\t\t<section class=\"elementor-section elementor-top-section elementor-element elementor-element-31decd1 elementor-section-boxed elementor-section-height-default elementor-section-height-default\" data-id=\"31decd1\" data-element_type=\"section\" data-settings=\"{&quot;background_background&quot;:&quot;gradient&quot;}\">\n\t\t\t\t\t\t<div class=\"elementor-container elementor-column-gap-default\">\n\t\t\t\t\t<div class=\"elementor-column elementor-col-100 elementor-top-column elementor-element elementor-element-d42fcff\" data-id=\"d42fcff\" data-element_type=\"column\">\n\t\t\t<div class=\"elementor-widget-wrap elementor-element-populated\">\n\t\t\t\t\t\t<div class=\"elementor-element elementor-element-a282f68 elementor-widget elementor-widget-spacer\" data-id=\"a282f68\" data-element_type=\"widget\" data-widget_type=\"spacer.default\">\n\t\t\t\t<div class=\"elementor-widget-container\">\n\t\t\t\t\t\t\t<div class=\"elementor-spacer\">\n\t\t\t<div class=\"elementor-spacer-inner\"><\/div>\n\t\t<\/div>\n\t\t\t\t\t\t<\/div>\n\t\t\t\t<\/div>\n\t\t\t\t<div class=\"elementor-element elementor-element-3196188 elementor-widget elementor-widget-themo-call-to-action\" data-id=\"3196188\" data-element_type=\"widget\" data-widget_type=\"themo-call-to-action.default\">\n\t\t\t\t<div class=\"elementor-widget-container\">\n\t\t\t\t\t\t\t<div class=\"th-cta\">\n\t\t\t\t\t        <div class=\"th-cta-text\">\n\t\t            <span>Ihastu itsekin. Lataa Sirppi nyt!<\/span>\n\t\t        <\/div>\n\t\t    \n                        <div class=\"th-cta-btn\">\n\n                                                            <a class=\"btn-1 th-btn btn-image\" href=\"https:\/\/itunes.apple.com\/fi\/app\/sirppi\/id1238678513?mt=8\" target=\"_blank\">\n                            <img decoding=\"async\" width=\"260\" height=\"80\" src=\"https:\/\/www.sirppi.fi\/fi\/wp-content\/uploads\/2018\/02\/app_store_button-260x80.png\" class=\"\" alt=\"\" \/>                        <\/a>\n                                    \n                                                            <a class=\"btn-2 th-btn btn-image\" href=\"https:\/\/play.google.com\/store\/apps\/details?id=fi.sirppi&#038;pcampaignid=MKT-Other-global-all-co-prtnr-py-PartBadge-Mar2515-1\">\n                            <img decoding=\"async\" width=\"260\" height=\"80\" src=\"https:\/\/www.sirppi.fi\/fi\/wp-content\/uploads\/2018\/02\/google_play_button-260x80-260x80.png\" class=\"\" alt=\"\" \/>                        <\/a>\n                                                <\/div>\n            \t\t<\/div>\n\t\t\t\t\t\t<\/div>\n\t\t\t\t<\/div>\n\t\t\t\t<div class=\"elementor-element elementor-element-1de2991 elementor-widget elementor-widget-spacer\" data-id=\"1de2991\" data-element_type=\"widget\" data-widget_type=\"spacer.default\">\n\t\t\t\t<div class=\"elementor-widget-container\">\n\t\t\t\t\t\t\t<div class=\"elementor-spacer\">\n\t\t\t<div class=\"elementor-spacer-inner\"><\/div>\n\t\t<\/div>\n\t\t\t\t\t\t<\/div>\n\t\t\t\t<\/div>\n\t\t\t\t\t<\/div>\n\t\t<\/div>\n\t\t\t\t\t<\/div>\n\t\t<\/section>\n\t\t\t\t<\/div>\n\t\t","protected":false},"excerpt":{"rendered":"<p>Sirpin tarina Lopulta p\u00e4\u00e4tettiin tehd\u00e4 sellainen k\u00e4nnykk\u00e4sovellus, ett\u00e4 vanha is\u00e4nt\u00e4kin kokisi sen paremmaksi kuin paperi traktorin hytiss\u00e4. Tehd\u00e4 ihan tosissaan. Kun kerran tehd\u00e4\u00e4n. Niin syntyi Sirppi. Viljelemme sukutilaa. Tilan p\u00e4\u00e4rakennuksen sein\u00e4ss\u00e4 on vanha sirppi muistona ajasta, jolloin se oli tilan &hellip; <a href=\"https:\/\/www.sirppi.fi\/fi\/sirpin-tarina\/\">Read More<\/a><\/p>\n","protected":false},"author":1,"featured_media":0,"parent":0,"menu_order":22,"comment_status":"closed","ping_status":"closed","template":"","meta":{"footnotes":""},"class_list":["post-1905","page","type-page","status-publish","hentry"],"_links":{"self":[{"href":"https:\/\/www.sirppi.fi\/fi\/wp-json\/wp\/v2\/pages\/1905","targetHints":{"allow":["GET"]}}],"collection":[{"href":"https:\/\/www.sirppi.fi\/fi\/wp-json\/wp\/v2\/pages"}],"about":[{"href":"https:\/\/www.sirppi.fi\/fi\/wp-json\/wp\/v2\/types\/page"}],"author":[{"embeddable":true,"href":"https:\/\/www.sirppi.fi\/fi\/wp-json\/wp\/v2\/users\/1"}],"replies":[{"embeddable":true,"href":"https:\/\/www.sirppi.fi\/fi\/wp-json\/wp\/v2\/comments?post=1905"}],"version-history":[{"count":80,"href":"https:\/\/www.sirppi.fi\/fi\/wp-json\/wp\/v2\/pages\/1905\/revisions"}],"predecessor-version":[{"id":3077,"href":"https:\/\/www.sirppi.fi\/fi\/wp-json\/wp\/v2\/pages\/1905\/revisions\/3077"}],"wp:attachment":[{"href":"https:\/\/www.sirppi.fi\/fi\/wp-json\/wp\/v2\/media?parent=1905"}],"curies":[{"name":"wp","href":"https:\/\/api.w.org\/{rel}","templated":true}]}}