{"id":120,"date":"2017-10-11T00:30:18","date_gmt":"2017-10-11T00:30:18","guid":{"rendered":"http:\/\/master.themovation.com\/pursuit\/?page_id=2823"},"modified":"2020-04-29T20:30:41","modified_gmt":"2020-04-29T20:30:41","slug":"luomutilan-varastokirjanpito","status":"publish","type":"page","link":"https:\/\/www.sirppi.fi\/fi\/luomutilan-varastokirjanpito\/","title":{"rendered":"Luomutilan varastokirjanpito"},"content":{"rendered":"\t\t<div data-elementor-type=\"wp-post\" data-elementor-id=\"120\" class=\"elementor elementor-120\">\n\t\t\t\t\t\t<section class=\"elementor-section elementor-top-section elementor-element elementor-element-zj6jjty elementor-section-height-min-height title-section elementor-section-boxed elementor-section-height-default elementor-section-items-middle\" data-id=\"zj6jjty\" data-element_type=\"section\" data-settings=\"{&quot;background_background&quot;:&quot;classic&quot;}\">\n\t\t\t\t\t\t\t<div class=\"elementor-background-overlay\"><\/div>\n\t\t\t\t\t\t\t<div class=\"elementor-container elementor-column-gap-default\">\n\t\t\t\t\t<div class=\"elementor-column elementor-col-100 elementor-top-column elementor-element elementor-element-gpqnzgu\" data-id=\"gpqnzgu\" data-element_type=\"column\">\n\t\t\t<div class=\"elementor-widget-wrap elementor-element-populated\">\n\t\t\t\t\t\t<div class=\"elementor-element elementor-element-92fc512 elementor-hidden-phone elementor-widget elementor-widget-spacer\" data-id=\"92fc512\" data-element_type=\"widget\" data-widget_type=\"spacer.default\">\n\t\t\t\t<div class=\"elementor-widget-container\">\n\t\t\t\t\t\t\t<div class=\"elementor-spacer\">\n\t\t\t<div class=\"elementor-spacer-inner\"><\/div>\n\t\t<\/div>\n\t\t\t\t\t\t<\/div>\n\t\t\t\t<\/div>\n\t\t\t\t<div class=\"elementor-element elementor-element-9b8d9d0 elementor-hidden-desktop elementor-hidden-tablet elementor-widget elementor-widget-spacer\" data-id=\"9b8d9d0\" data-element_type=\"widget\" data-widget_type=\"spacer.default\">\n\t\t\t\t<div class=\"elementor-widget-container\">\n\t\t\t\t\t\t\t<div class=\"elementor-spacer\">\n\t\t\t<div class=\"elementor-spacer-inner\"><\/div>\n\t\t<\/div>\n\t\t\t\t\t\t<\/div>\n\t\t\t\t<\/div>\n\t\t\t\t<div class=\"elementor-element elementor-element-7033d13c text-title elementor-view-default elementor-position-top elementor-widget elementor-widget-themo-header\" data-id=\"7033d13c\" data-element_type=\"widget\" data-settings=\"{&quot;_animation&quot;:&quot;none&quot;}\" data-widget_type=\"themo-header.default\">\n\t\t\t\t<div class=\"elementor-widget-container\">\n\t\t\t\t\t\t\t<div class=\"th-header-wrap\">\n        <div class=\"elementor-icon-box-wrapper \">\n                            <div class=\"elementor-icon-box-content\">\n                    <h1 class=\"elementor-icon-box-title\">\n                        Luomutilan varasto&shy;kirjanpito                    <\/h1>\n                                        <p class=\"elementor-icon-box-description\">Varastokirjanpito k\u00e4nnyk\u00e4ss\u00e4<\/p>\n\n                                    <\/div>\n            <\/div>\n\n        <\/div>\n\n\t\t\t\t\t\t<\/div>\n\t\t\t\t<\/div>\n\t\t\t\t\t<\/div>\n\t\t<\/div>\n\t\t\t\t\t<\/div>\n\t\t<\/section>\n\t\t\t\t<section class=\"elementor-section elementor-top-section elementor-element elementor-element-3890586 elementor-section-full_width content-section elementor-section-height-default elementor-section-height-default\" data-id=\"3890586\" data-element_type=\"section\" data-settings=\"{&quot;background_background&quot;:&quot;classic&quot;}\">\n\t\t\t\t\t\t<div class=\"elementor-container elementor-column-gap-default\">\n\t\t\t\t\t<div class=\"elementor-column elementor-col-100 elementor-top-column elementor-element elementor-element-212e88e\" data-id=\"212e88e\" data-element_type=\"column\">\n\t\t\t<div class=\"elementor-widget-wrap elementor-element-populated\">\n\t\t\t\t\t\t<div class=\"elementor-element elementor-element-571e321 text-content elementor-widget elementor-widget-text-editor\" data-id=\"571e321\" data-element_type=\"widget\" data-widget_type=\"text-editor.default\">\n\t\t\t\t<div class=\"elementor-widget-container\">\n\t\t\t\t\t\t\t\t\t<p>Luomuvaatimusten mukainen varastokirjanpito on monille luomutiloille ty\u00f6l\u00e4in ja hankalin kirjanpitoasia. Yksi yritt\u00e4\u00e4 hoitaa sit\u00e4 ruutupaperilla, toinen Excelill\u00e4 ja kolmas kalenterilla, joku k\u00e4ytt\u00e4\u00e4 n\u00e4it\u00e4 kaikkia ja on silti ep\u00e4varma.<\/p><p>L\u00e4hes kaikki luomutilat kokevat luomus\u00e4\u00e4d\u00f6sten mukaisen varastokirjanpidon hankalaksi ja liikaa ty\u00f6t\u00e4 aiheuttavaksi asiaksi. Lis\u00e4ksi se aiheuttaa<br \/>stressi\u00e4 vuosittaisessa luomutarkastuksessa, vaikka kaiken pit\u00e4isi olla kunnossa.<\/p><p>N\u00e4in ei tarvitse olla. Luomutilan varastokirjanpidon voi tehd\u00e4 nykyaikaisesti ja helposti omalla k\u00e4nnyk\u00e4ll\u00e4. Ratkaisu on <a href=\"https:\/\/www.sirppi.fi\/\" target=\"_blank\" rel=\"noopener\">Sirppi-mobiilisovellus<\/a> ja Sirppi-pilvipalvelu. Ja mik\u00e4 parasta, Sirpin saa k\u00e4ytt\u00f6\u00f6n ilmaiseksi.<\/p><p>Sirppi-mobiilisovelluksen varastokirjanpito on luomuviljelij\u00f6iden kehitt\u00e4m\u00e4 ja tarkastajien kehuma k\u00e4yt\u00e4nn\u00f6n ty\u00f6kalu. Sirppi tuo luomun varastokirjanpidon nykyaikaan ja antaa viljelij\u00e4lle mahdollisuuden keskitty\u00e4 varsinaiseen ty\u00f6h\u00f6ns\u00e4.<\/p><p>Hyv\u00e4ll\u00e4, nimenomaan luomutiloille suunnitellulla k\u00e4nnykk\u00e4sovelluksella asiat voi kirjata heti ja luotettavasti.<\/p><div class=\"phone-mockup phone-mockup-right\"><div class=\"screen\"><p><img decoding=\"async\" src=\"https:\/\/www.sirppi.fi\/images\/content\/Varastoyhteenveto.jpg\" \/><\/p><div class=\"screen-shadow\">\u00a0<\/div><\/div><div class=\"power-button\">\u00a0<\/div><div class=\"volume-button\">\u00a0<\/div><\/div><ul><li>Kun siemeni\u00e4 puretaan varastoon, k\u00e4nnykk\u00e4\u00e4n voi tallentaa t\u00e4st\u00e4 tiedon ja ottaa ohimennen siemens\u00e4kin kyljest\u00e4 valokuvan vakuustodistuksesta.<\/li><li>Kun viljaa lastataan, siilon voi merkit\u00e4 heti tyhj\u00e4ksi k\u00e4nnyk\u00e4ll\u00e4 ja liitt\u00e4\u00e4 merkint\u00e4\u00e4n valokuvan viljapassista.<\/li><li>Kun rehupaaleja siirret\u00e4\u00e4n pellolta latoon, ty\u00f6mies voi kirjata siirron omalla k\u00e4nnyk\u00e4ll\u00e4\u00e4n.<\/li><li>Siementen ja lannoitteiden k\u00e4ytt\u00f6 lohkoilla kirjautuu automaattisesti pois varastosta.<\/li><\/ul><p>Sirpin avulla kaikki varastokirjanpidon tapahtumat ovat aina valmiita luomutarkastajan katsottaviksi. Tarkastajaa varten voi tulostaa varastotapahtumat ja varastotaseen pdf-tulosteina tai paperille. Ja tietysti n\u00e4ytt\u00e4\u00e4 tietoja suoraan k\u00e4nnyk\u00e4st\u00e4, tabletilta tai tietokoneelta. Samat tiedot ovat n\u00e4ht\u00e4viss\u00e4 kaikilla laitteilla.<\/p><p>Varastokirjanpidon lis\u00e4ksi s\u00e4hk\u00f6postiin voi tilata mm. rehukirjanpidon ja kuivurikirjanpidon. Sirppi sis\u00e4lt\u00e4\u00e4 kaikki n\u00e4m\u00e4 samassa paketissa, samalla kirjausvaivalla. Ajan tasalla ja omassa taskussa.<\/p><h2>Mit\u00e4 luomutila voi tehd\u00e4 Sirpin varastokirjanpidolla?<\/h2><ul><li>Merkit\u00e4 tarvikkeiden ostot ja tuotteiden myynnit helposti omalla k\u00e4nnyk\u00e4ll\u00e4<\/li><li>Ottaa varastotapahtumiin liittyvi\u00e4 valokuvia (vakuustodistukset, viljapassit, ostokuitit \u2026)<\/li><li>N\u00e4hd\u00e4 k\u00e4nnyk\u00e4st\u00e4 ajantasaisen tiedon tilalla olevista siemenm\u00e4\u00e4rist\u00e4, lannoitteista ja viljavararastoista (viljalaji, siilon numero, milt\u00e4 pellolta puitu, kenelle myyty &#8230;)<\/li><li>Katsoa, muuttaa ja lis\u00e4t\u00e4 varastotapahtumia k\u00e4nnyk\u00e4ll\u00e4, tabletilla ja tietokoneella<\/li><li>Merkit\u00e4 rehujen siirrot varastosta toiseen<\/li><li>T\u00e4sm\u00e4ytt\u00e4\u00e4 varastot halutessaan tietokoneen isolla n\u00e4yt\u00f6ll\u00e4 ja n\u00e4pp\u00e4imist\u00f6ll\u00e4<\/li><li>Tulostaa varastokirjanpidon, tuotevirtakirjanpidon ja viljavarastot pdf-tiedostoiksi<\/li><li>Antaa ty\u00f6ntekij\u00f6ille alitunnukset, jotta he voivat itse tallentaa omat varastoihin vaikuttavat ty\u00f6ns\u00e4<\/li><li>Jos tila k\u00e4ytt\u00e4\u00e4 my\u00f6s Sirppi-sovelluksen lohkokirjanpitoa, tarvikkeiden k\u00e4ytt\u00f6 lohkoilla kirjautuu automaattisesti pois varastosta. Vain lopput\u00e4sm\u00e4ytys j\u00e4\u00e4 k\u00e4ytt\u00e4j\u00e4n teht\u00e4v\u00e4ksi.<\/li><\/ul><h2>Luomutilan varastokirjanpidon vaatimukset<\/h2><p>Luomutilan varastokirjanpitoon pit\u00e4\u00e4 merkit\u00e4 erikseen jokainen tilalle tullut tuote ja tarvike, samoin jokainen tilalta l\u00e4htenyt tuote ja tarvike. My\u00f6s oma k\u00e4ytt\u00f6 ja tuotanto pit\u00e4\u00e4 kirjata. Jokaisen kirjauksen pit\u00e4\u00e4 sis\u00e4lt\u00e4\u00e4 tapahtuman p\u00e4iv\u00e4m\u00e4\u00e4r\u00e4. Tieto varastojen oikeista m\u00e4\u00e4rist\u00e4 ei riit\u00e4, mutta sekin pit\u00e4\u00e4 tiet\u00e4\u00e4.<\/p><p>Luomutilan varastokirjanpidon vaatimukset m\u00e4\u00e4ritell\u00e4\u00e4n Ruokaviraston <a href=\"https:\/\/www.ruokavirasto.fi\/globalassets\/tietoa-meista\/asiointi\/oppaat-ja-lomakkeet\/yritykset\/luomun-lomakkeet\/luomutuotannon-ohjeet\/eviran_ohje_18219_7_fi_050718.pdf\" target=\"_blank\" rel=\"noopener\">Luonnonmukaisen tuotannon ehdoissa<\/a>. Joissakin artikkeleissa luomun varastokirjanpidosta voidaan k\u00e4ytt\u00e4\u00e4 osittain my\u00f6s nimityst\u00e4 Tuotevirtakirjanpito.<\/p><h2>Luomun varastokirjanpidon vaatimukset lyhyesti<\/h2><ul><li>Varastokirjanpidosta on selvitt\u00e4v\u00e4 kaikki tilalle hankitut, tilalla k\u00e4ytetyt ja tilalta luovutetut tuotteet ja tuotantopanokset sek\u00e4 varastotase.<\/li><li>Tilalle tulevista ja tilalta l\u00e4htevist\u00e4 tuotantopanoksista ja tuotteista on pidett\u00e4v\u00e4 kirjaa.<\/li><li>Varastokirjanpitoon kirjatut tiedot on voitava osoittaa oikeiksi asianmukaisilla tositteilla.<\/li><li>Muistiinpanot on teht\u00e4v\u00e4 seitsem\u00e4n vuorokauden kuluessa tapahtumasta.<\/li><\/ul><h2>Luomutilan varastokirjanpidosta on k\u00e4yt\u00e4v\u00e4 ilmi:<\/h2><ol><li>Kaikki tilalle hankitut tuotantopanokset ja maataloustuotteet<br \/><ul style=\"margin-top: 15px;\"><li>Koskee mm. lannoitteita, karjanlantaa, maanparannusaineita, kasvinsuojeluaineita, siemeni\u00e4 ja kaikkia maataloustuotteita<\/li><li>Kaikista em. varastotapahtumista pit\u00e4\u00e4 merkit\u00e4 yl\u00f6s ainakin<br \/><ul style=\"margin-top: 15px;\"><li>m\u00e4\u00e4r\u00e4 ja laatu (esim. 4500 kg siemenohraa)<\/li><li>tuotantotapa (luomu, siirtym\u00e4vaihe, tavanomainen)<\/li><li>tuotteiden myyj\u00e4<\/li><li>tuotteiden toimittaja (jos eri kuin myyj\u00e4)<\/li><li>toimitusp\u00e4iv\u00e4<\/li><\/ul><\/li><\/ul><\/li><li>Kaikki tilalla tuotetut ja k\u00e4ytetyt maataloustuotteet<br \/><ul style=\"margin-top: 15px;\"><li>tuotteiden sato, kokonaism\u00e4\u00e4r\u00e4 ja laatu<\/li><li>mahdollinen h\u00e4vikki<\/li><li>tuotteiden tuotantotapa (luomu, siirtym\u00e4vaihe, tavanomainen).<\/li><\/ul><\/li><li>Kaikki tilalta myydyt tai luovutetut tuotantopanokset ja maataloustuotteet:<br \/><ul style=\"margin-top: 15px;\"><li>m\u00e4\u00e4r\u00e4 ja laatu (esim. 9000 kg mallasohraa)<\/li><li>tuotteiden tuotantotapa (luomu, siirtym\u00e4vaihe, tavanomainen)<\/li><li>tuotteiden vastaanottajat<\/li><li>tuotteiden ostajat (jos ostaja eri kuin vastaanottaja)<\/li><li>toimitusp\u00e4iv\u00e4<\/li><\/ul><\/li><li>Varastokirjanpidon tase eli paljonko tuotantopanoksia ja tuotteita on kullakin hetkell\u00e4 varastossa.<\/li><\/ol><h3>Esimerkkej\u00e4 luomutilan varastotapahtumista (varastokirjanpidon kirjauksista):<\/h3><ul><li>14.5.2019, Lis\u00e4ys: Osto, 4500 kg, siemen, Ohra Kymppi, luomu, myyj\u00e4 Hankkija, Varasto: Siemenvarasto. Lis\u00e4ksi talteen vakuustodistus ja ostotosite.<\/li><li>18.5.2019, V\u00e4hennys: K\u00e4ytt\u00f6 omilla lohkoilla, 1052 kg, siemen, Ohra Kymppi, luomu, Varasto: Siemenvarasto.<\/li><li>15.9.2019, Lis\u00e4ys: Oma sato, Ohra Kymppi, 9700 kg, Varasto: Kuivuri siilo 7. Lis\u00e4ksi tieto, milt\u00e4 lohkolta puitu.<\/li><li>17.12.2019, V\u00e4hennys: Myynti, Ohra Kymppi, 9700 kg, Varasto: Kuivuri siilo 7. Lis\u00e4ksi talteen viljapassi tai vaatimustenmukaisuusvakuutus.<\/li><\/ul><h2>Esimerkki luomutilan varastokirjanpidon tasetulosteesta:<\/h2><p>Varastotase 15.11.2019:<\/p><ul><li>Siemenvarasto: Siemen Ohra Kymppi 3448 kg, Siemen Kaura Fiia 1200 kg<\/li><li>Viljavarasto Siilo 1: Kaura Fiia 12500 kg<\/li><li>Viljavarasto Siilo 2: Ohra Kymppi 9700 kg<\/li><\/ul><h2>Fiksu tapa hoitaa luomutilan varastokirjanpito<\/h2><div class=\"phone-mockup phone-mockup-right\"><div class=\"screen\"><p><img decoding=\"async\" src=\"https:\/\/www.sirppi.fi\/images\/content\/Varastotapahtumat1.jpg\" \/><\/p><div class=\"screen-shadow\">\u00a0<\/div><\/div><div class=\"power-button\">\u00a0<\/div><div class=\"volume-button\">\u00a0<\/div><\/div><p>Sirppi-sovellus tuottaa luomutilan varastotulosteet automaattisesti ja pit\u00e4\u00e4 koko ajan reaaliaikaista kirjaa siit\u00e4, paljonko tavaraa on nyt varastossa. Sinun tarvitsee vain tallentaa varastotapahtumat. Sirppi hoitaa muun. Jokainen tilan ty\u00f6ntekij\u00e4 voi tallentaa omat ty\u00f6ns\u00e4, jos annat siihen luvan.<\/p><p>Jos k\u00e4yt\u00e4t my\u00f6s Sirpin lohkokirjanpitoa, suuri osa varastokirjanpidon kirjauksista syntyy automaattisesti. Sirppi kirjaa siemenet ja lannoitteet pois varastosta sit\u00e4 mukaa, kun kuittaat lohkokirjanpidossa kylv\u00f6j\u00e4 tehdyiksi. Kun tyhjenn\u00e4t kuivuria varastosiiloon, voit helposti valita listalta lohkon, jolta vilja on puitu. N\u00e4in t\u00e4m\u00e4kin tieto n\u00e4kyy luomutarkastajalle.<\/p><p>Lohkotiedot Sirppi hakee maataloushallinnon Vipu-palvelusta ja s\u00e4\u00e4tiedot Ilmatieteen laitoksen l\u00e4himm\u00e4lt\u00e4 s\u00e4\u00e4asemalta. N\u00e4in se osaa ennustaa my\u00f6s lohkokohtaiset puintiajat.<\/p><p>Lis\u00e4tietoja Sirpist\u00e4 l\u00f6ytyy sivulta <a href=\"https:\/\/www.sirppi.fi\/\">www.sirppi.fi<\/a>. Voit ottaa Sirpin tilasi k\u00e4ytt\u00f6\u00f6n ilmaiseksi.<\/p><p>Ps. Sirpin kehityksen takana ovat k\u00e4yt\u00e4nn\u00f6n viljelij\u00e4t. Ota yhteytt\u00e4, jos sinulla on kehitysideoita!<\/p><h3>Lohkokirjanpitoon ja viljelysuunnitteluun liittyvi\u00e4 artikkeleita:<\/h3><p><a href=\"https:\/\/www.sirppi.fi\/peltokartta-k\u00e4nnykk\u00e4\u00e4n\">Peltokartta k\u00e4nnykk\u00e4\u00e4n, karttamerkint\u00f6jen teko k\u00e4nnyk\u00e4ll\u00e4<\/a><\/p><p><a href=\"https:\/\/www.sirppi.fi\/mobiili-lohkokirjanpito-k\u00e4nnyk\u00e4ll\u00e4\">Mobiili lohkokirjanpito k\u00e4nnyk\u00e4ll\u00e4<\/a><\/p><p><a href=\"https:\/\/www.sirppi.fi\/ilmainen-viljelysuunnitelma-k\u00e4nnykk\u00e4\u00e4n\">Ilmainen viljelysuunnitelma k\u00e4nnykk\u00e4\u00e4n<\/a><\/p>\t\t\t\t\t\t\t\t<\/div>\n\t\t\t\t<\/div>\n\t\t\t\t\t<\/div>\n\t\t<\/div>\n\t\t\t\t\t<\/div>\n\t\t<\/section>\n\t\t\t\t<section class=\"elementor-section elementor-top-section elementor-element elementor-element-31decd1 elementor-section-boxed elementor-section-height-default elementor-section-height-default\" data-id=\"31decd1\" data-element_type=\"section\" data-settings=\"{&quot;background_background&quot;:&quot;gradient&quot;}\">\n\t\t\t\t\t\t<div class=\"elementor-container elementor-column-gap-default\">\n\t\t\t\t\t<div class=\"elementor-column elementor-col-100 elementor-top-column elementor-element elementor-element-d42fcff\" data-id=\"d42fcff\" data-element_type=\"column\">\n\t\t\t<div class=\"elementor-widget-wrap elementor-element-populated\">\n\t\t\t\t\t\t<div class=\"elementor-element elementor-element-a282f68 elementor-widget elementor-widget-spacer\" data-id=\"a282f68\" data-element_type=\"widget\" data-widget_type=\"spacer.default\">\n\t\t\t\t<div class=\"elementor-widget-container\">\n\t\t\t\t\t\t\t<div class=\"elementor-spacer\">\n\t\t\t<div class=\"elementor-spacer-inner\"><\/div>\n\t\t<\/div>\n\t\t\t\t\t\t<\/div>\n\t\t\t\t<\/div>\n\t\t\t\t<div class=\"elementor-element elementor-element-3196188 elementor-widget elementor-widget-themo-call-to-action\" data-id=\"3196188\" data-element_type=\"widget\" data-widget_type=\"themo-call-to-action.default\">\n\t\t\t\t<div class=\"elementor-widget-container\">\n\t\t\t\t\t\t\t<div class=\"th-cta\">\n\t\t\t\t\t        <div class=\"th-cta-text\">\n\t\t            <span>Ihastu itsekin. Lataa Sirppi nyt!<\/span>\n\t\t        <\/div>\n\t\t    \n                        <div class=\"th-cta-btn\">\n\n                                                            <a class=\"btn-1 th-btn btn-image\" href=\"https:\/\/itunes.apple.com\/fi\/app\/sirppi\/id1238678513?mt=8\" target=\"_blank\">\n                            <img decoding=\"async\" width=\"260\" height=\"80\" src=\"https:\/\/www.sirppi.fi\/fi\/wp-content\/uploads\/2018\/02\/app_store_button-260x80.png\" class=\"\" alt=\"\" \/>                        <\/a>\n                                    \n                                                            <a class=\"btn-2 th-btn btn-image\" href=\"https:\/\/play.google.com\/store\/apps\/details?id=fi.sirppi&#038;pcampaignid=MKT-Other-global-all-co-prtnr-py-PartBadge-Mar2515-1\">\n                            <img decoding=\"async\" width=\"260\" height=\"80\" src=\"https:\/\/www.sirppi.fi\/fi\/wp-content\/uploads\/2018\/02\/google_play_button-260x80-260x80.png\" class=\"\" alt=\"\" \/>                        <\/a>\n                                                <\/div>\n            \t\t<\/div>\n\t\t\t\t\t\t<\/div>\n\t\t\t\t<\/div>\n\t\t\t\t<div class=\"elementor-element elementor-element-1de2991 elementor-widget elementor-widget-spacer\" data-id=\"1de2991\" data-element_type=\"widget\" data-widget_type=\"spacer.default\">\n\t\t\t\t<div class=\"elementor-widget-container\">\n\t\t\t\t\t\t\t<div class=\"elementor-spacer\">\n\t\t\t<div class=\"elementor-spacer-inner\"><\/div>\n\t\t<\/div>\n\t\t\t\t\t\t<\/div>\n\t\t\t\t<\/div>\n\t\t\t\t\t<\/div>\n\t\t<\/div>\n\t\t\t\t\t<\/div>\n\t\t<\/section>\n\t\t\t\t<\/div>\n\t\t","protected":false},"excerpt":{"rendered":"<p>Luomutilan varasto&shy;kirjanpito Varastokirjanpito k\u00e4nnyk\u00e4ss\u00e4 Luomuvaatimusten mukainen varastokirjanpito on monille luomutiloille ty\u00f6l\u00e4in ja hankalin kirjanpitoasia. Yksi yritt\u00e4\u00e4 hoitaa sit\u00e4 ruutupaperilla, toinen Excelill\u00e4 ja kolmas kalenterilla, joku k\u00e4ytt\u00e4\u00e4 n\u00e4it\u00e4 kaikkia ja on silti ep\u00e4varma. L\u00e4hes kaikki luomutilat kokevat luomus\u00e4\u00e4d\u00f6sten mukaisen varastokirjanpidon hankalaksi &hellip; <a href=\"https:\/\/www.sirppi.fi\/fi\/luomutilan-varastokirjanpito\/\">Read More<\/a><\/p>\n","protected":false},"author":1,"featured_media":0,"parent":0,"menu_order":22,"comment_status":"closed","ping_status":"closed","template":"","meta":{"footnotes":""},"class_list":["post-120","page","type-page","status-publish","hentry"],"_links":{"self":[{"href":"https:\/\/www.sirppi.fi\/fi\/wp-json\/wp\/v2\/pages\/120","targetHints":{"allow":["GET"]}}],"collection":[{"href":"https:\/\/www.sirppi.fi\/fi\/wp-json\/wp\/v2\/pages"}],"about":[{"href":"https:\/\/www.sirppi.fi\/fi\/wp-json\/wp\/v2\/types\/page"}],"author":[{"embeddable":true,"href":"https:\/\/www.sirppi.fi\/fi\/wp-json\/wp\/v2\/users\/1"}],"replies":[{"embeddable":true,"href":"https:\/\/www.sirppi.fi\/fi\/wp-json\/wp\/v2\/comments?post=120"}],"version-history":[{"count":78,"href":"https:\/\/www.sirppi.fi\/fi\/wp-json\/wp\/v2\/pages\/120\/revisions"}],"predecessor-version":[{"id":1166,"href":"https:\/\/www.sirppi.fi\/fi\/wp-json\/wp\/v2\/pages\/120\/revisions\/1166"}],"wp:attachment":[{"href":"https:\/\/www.sirppi.fi\/fi\/wp-json\/wp\/v2\/media?parent=120"}],"curies":[{"name":"wp","href":"https:\/\/api.w.org\/{rel}","templated":true}]}}